{"id":214,"date":"2019-06-27T14:38:06","date_gmt":"2019-06-27T12:38:06","guid":{"rendered":"https:\/\/gpsites.co\/niche\/?page_id=214"},"modified":"2024-08-18T14:36:56","modified_gmt":"2024-08-18T12:36:56","slug":"landing-page","status":"publish","type":"page","link":"https:\/\/www.owiowi.be\/","title":{"rendered":"Accueil"},"content":{"rendered":"<div class=\"gb-container gb-container-34fb752e\"><\/div><div class=\"gb-container gb-container-7be303ed\">\n<div class=\"wp-block-cover alignfull is-light\" style=\"min-height:425px;aspect-ratio:unset;\"><span aria-hidden=\"true\" class=\"wp-block-cover__background has-background-dim-0 has-background-dim\" style=\"background-color:#a69e93\"><\/span><img loading=\"lazy\" decoding=\"async\" width=\"1080\" height=\"1080\" class=\"wp-block-cover__image-background wp-image-9864\" alt=\"\" src=\"https:\/\/www.owiowi.be\/wp-content\/uploads\/2024\/08\/18-1.png\" data-object-fit=\"cover\" srcset=\"https:\/\/www.owiowi.be\/wp-content\/uploads\/2024\/08\/18-1.png 1080w, https:\/\/www.owiowi.be\/wp-content\/uploads\/2024\/08\/18-1-300x300.png 300w, https:\/\/www.owiowi.be\/wp-content\/uploads\/2024\/08\/18-1-1024x1024.png 1024w, https:\/\/www.owiowi.be\/wp-content\/uploads\/2024\/08\/18-1-150x150.png 150w, https:\/\/www.owiowi.be\/wp-content\/uploads\/2024\/08\/18-1-768x768.png 768w, https:\/\/www.owiowi.be\/wp-content\/uploads\/2024\/08\/18-1-400x400.png 400w, https:\/\/www.owiowi.be\/wp-content\/uploads\/2024\/08\/18-1-600x600.png 600w, https:\/\/www.owiowi.be\/wp-content\/uploads\/2024\/08\/18-1-100x100.png 100w\" sizes=\"(max-width: 1080px) 100vw, 1080px\" \/><div class=\"wp-block-cover__inner-container is-layout-flow wp-block-cover-is-layout-flow\"><p class=\"has-text-align-center has-medium-font-size\"><\/p><\/div><\/div>\n<\/div><div class=\"wp-block-group alignwide\"><div class=\"wp-block-group__inner-container is-layout-flow wp-block-group-is-layout-flow\"><div class=\"wp-block-columns alignwide are-vertically-aligned-center is-layout-flex wp-container-core-columns-is-layout-1 wp-block-columns-is-layout-flex\"><div class=\"wp-block-column is-vertically-aligned-center is-layout-flow wp-block-column-is-layout-flow\"><blockquote class=\"wp-block-quote has-text-align-center is-style-large is-layout-flow wp-block-quote-is-layout-flow\"><p>\u00ab\u00a0<em>Efface le gris de la vie et allume les couleurs que tu poss\u00e8des \u00e0 l\u2019int\u00e9rieur\u2026<\/em>\u00a0\u00bb&nbsp;<\/p><cite>&#8211; Pablo Picasso<\/cite><\/blockquote>\n\n<p><\/p>\n\n<hr class=\"wp-block-separator has-css-opacity alignwide is-style-wide\"\/>\n\n<p><\/p>\n\n<div class=\"wp-block-button aligncenter\"><a class=\"wp-block-button__link no-border-radius wp-element-button\" href=\"https:\/\/www.owiowi.be\/?post_type=product\">Nos Collections<\/a><\/div><\/div><\/div>\n\n<p><\/p><\/div><\/div><h3 class=\"wp-block-heading has-text-align-left\">Nouveaut\u00e9s !<\/h3><div style=\"height:20px\" aria-hidden=\"true\" class=\"wp-block-spacer\"><\/div><div class=\"woocommerce columns-4 \"><ul class=\"products columns-4\">\n<li class=\"sales-flash-overlay woocommerce-text-align-left woocommerce-image-align-center do-quantity-buttons product type-product post-10251 status-publish first instock product_cat-0_petits-prix has-post-thumbnail sale sold-individually shipping-taxable purchasable product-type-simple\">\n\t<a href=\"https:\/\/www.owiowi.be\/?product=sequin-s7\" class=\"woocommerce-LoopProduct-link woocommerce-loop-product__link\">\n\t<span class=\"onsale\">Promo\u00a0!<\/span>\n\t<img loading=\"lazy\" decoding=\"async\" width=\"400\" height=\"400\" src=\"https:\/\/www.owiowi.be\/wp-content\/uploads\/2025\/12\/36-400x400.jpg\" class=\"attachment-woocommerce_thumbnail size-woocommerce_thumbnail\" alt=\"\" srcset=\"https:\/\/www.owiowi.be\/wp-content\/uploads\/2025\/12\/36-400x400.jpg 400w, https:\/\/www.owiowi.be\/wp-content\/uploads\/2025\/12\/36-300x300.jpg 300w, https:\/\/www.owiowi.be\/wp-content\/uploads\/2025\/12\/36-1024x1024.jpg 1024w, https:\/\/www.owiowi.be\/wp-content\/uploads\/2025\/12\/36-150x150.jpg 150w, https:\/\/www.owiowi.be\/wp-content\/uploads\/2025\/12\/36-768x768.jpg 768w, https:\/\/www.owiowi.be\/wp-content\/uploads\/2025\/12\/36-600x600.jpg 600w, https:\/\/www.owiowi.be\/wp-content\/uploads\/2025\/12\/36-100x100.jpg 100w, https:\/\/www.owiowi.be\/wp-content\/uploads\/2025\/12\/36.jpg 1080w\" sizes=\"(max-width: 400px) 100vw, 400px\" \/><h2 class=\"woocommerce-loop-product__title\">SEQUIN #S7<\/h2>\n\t<span class=\"price\"><del aria-hidden=\"true\"><span class=\"woocommerce-Price-amount amount\"><bdi><span class=\"woocommerce-Price-currencySymbol\">&euro;<\/span>16,00<\/bdi><\/span><\/del> <span class=\"screen-reader-text\">Le prix initial \u00e9tait\u00a0: &euro;16,00.<\/span><ins aria-hidden=\"true\"><span class=\"woocommerce-Price-amount amount\"><bdi><span class=\"woocommerce-Price-currencySymbol\">&euro;<\/span>8,00<\/bdi><\/span><\/ins><span class=\"screen-reader-text\">Le prix actuel est\u00a0: &euro;8,00.<\/span><\/span>\n<\/a><a href=\"?add-to-cart=10251\" aria-describedby=\"woocommerce_loop_add_to_cart_link_describedby_10251\" data-quantity=\"1\" class=\"button product_type_simple add_to_cart_button ajax_add_to_cart\" data-product_id=\"10251\" data-product_sku=\"\" aria-label=\"Ajouter au panier\u00a0: &ldquo;SEQUIN #S7&rdquo;\" rel=\"nofollow\" data-success_message=\"\u00ab\u00a0SEQUIN #S7\u00a0\u00bb a \u00e9t\u00e9 ajout\u00e9 \u00e0 votre panier\">Ajouter au panier<\/a>\t<span id=\"woocommerce_loop_add_to_cart_link_describedby_10251\" class=\"screen-reader-text\">\n\t\t\t<\/span>\n<\/li>\n<li class=\"sales-flash-overlay woocommerce-text-align-left woocommerce-image-align-center do-quantity-buttons product type-product post-7900 status-publish instock product_cat-4_bagues product_cat-0_petits-prix product_tag-collection-oceane has-post-thumbnail sale sold-individually shipping-taxable purchasable product-type-simple\">\n\t<a href=\"https:\/\/www.owiowi.be\/?product=bague-24-mm-oceane-2\" class=\"woocommerce-LoopProduct-link woocommerce-loop-product__link\">\n\t<span class=\"onsale\">Promo\u00a0!<\/span>\n\t<img loading=\"lazy\" decoding=\"async\" width=\"400\" height=\"400\" src=\"https:\/\/www.owiowi.be\/wp-content\/uploads\/2023\/06\/IMG_9196-400x400.jpg\" class=\"attachment-woocommerce_thumbnail size-woocommerce_thumbnail\" alt=\"\" srcset=\"https:\/\/www.owiowi.be\/wp-content\/uploads\/2023\/06\/IMG_9196-400x400.jpg 400w, https:\/\/www.owiowi.be\/wp-content\/uploads\/2023\/06\/IMG_9196-100x100.jpg 100w, https:\/\/www.owiowi.be\/wp-content\/uploads\/2023\/06\/IMG_9196-600x600.jpg 600w, https:\/\/www.owiowi.be\/wp-content\/uploads\/2023\/06\/IMG_9196-300x300.jpg 300w, https:\/\/www.owiowi.be\/wp-content\/uploads\/2023\/06\/IMG_9196-1024x1024.jpg 1024w, https:\/\/www.owiowi.be\/wp-content\/uploads\/2023\/06\/IMG_9196-150x150.jpg 150w, https:\/\/www.owiowi.be\/wp-content\/uploads\/2023\/06\/IMG_9196-768x768.jpg 768w, https:\/\/www.owiowi.be\/wp-content\/uploads\/2023\/06\/IMG_9196-1536x1536.jpg 1536w, https:\/\/www.owiowi.be\/wp-content\/uploads\/2023\/06\/IMG_9196-2048x2048.jpg 2048w\" sizes=\"(max-width: 400px) 100vw, 400px\" \/><h2 class=\"woocommerce-loop-product__title\">Bague 24 mm &#8211; OCEANE (2)<\/h2>\n\t<span class=\"price\"><del aria-hidden=\"true\"><span class=\"woocommerce-Price-amount amount\"><bdi><span class=\"woocommerce-Price-currencySymbol\">&euro;<\/span>22,00<\/bdi><\/span><\/del> <span class=\"screen-reader-text\">Le prix initial \u00e9tait\u00a0: &euro;22,00.<\/span><ins aria-hidden=\"true\"><span class=\"woocommerce-Price-amount amount\"><bdi><span class=\"woocommerce-Price-currencySymbol\">&euro;<\/span>10,00<\/bdi><\/span><\/ins><span class=\"screen-reader-text\">Le prix actuel est\u00a0: &euro;10,00.<\/span><\/span>\n<\/a><a href=\"?add-to-cart=7900\" aria-describedby=\"woocommerce_loop_add_to_cart_link_describedby_7900\" data-quantity=\"1\" class=\"button product_type_simple add_to_cart_button ajax_add_to_cart\" data-product_id=\"7900\" data-product_sku=\"\" aria-label=\"Ajouter au panier\u00a0: &ldquo;Bague 24 mm - OCEANE (2)&rdquo;\" rel=\"nofollow\" data-success_message=\"\u00ab\u00a0Bague 24 mm - OCEANE (2)\u00a0\u00bb a \u00e9t\u00e9 ajout\u00e9 \u00e0 votre panier\">Ajouter au panier<\/a>\t<span id=\"woocommerce_loop_add_to_cart_link_describedby_7900\" class=\"screen-reader-text\">\n\t\t\t<\/span>\n<\/li>\n<li class=\"sales-flash-overlay woocommerce-text-align-left woocommerce-image-align-center do-quantity-buttons product type-product post-10153 status-publish instock product_cat-4_bagues product_cat-0_petits-prix product_tag-collection-laurence has-post-thumbnail sale sold-individually shipping-taxable purchasable product-type-simple\">\n\t<a href=\"https:\/\/www.owiowi.be\/?product=bague-ronde-24mm-laurence-degrade\" class=\"woocommerce-LoopProduct-link woocommerce-loop-product__link\">\n\t<span class=\"onsale\">Promo\u00a0!<\/span>\n\t<img loading=\"lazy\" decoding=\"async\" width=\"400\" height=\"400\" src=\"https:\/\/www.owiowi.be\/wp-content\/uploads\/2025\/12\/IMG_5929-400x400.jpg\" class=\"attachment-woocommerce_thumbnail size-woocommerce_thumbnail\" alt=\"\" srcset=\"https:\/\/www.owiowi.be\/wp-content\/uploads\/2025\/12\/IMG_5929-400x400.jpg 400w, https:\/\/www.owiowi.be\/wp-content\/uploads\/2025\/12\/IMG_5929-150x150.jpg 150w, https:\/\/www.owiowi.be\/wp-content\/uploads\/2025\/12\/IMG_5929-100x100.jpg 100w\" sizes=\"(max-width: 400px) 100vw, 400px\" \/><h2 class=\"woocommerce-loop-product__title\">Bague ronde 24mm &#8211; LAURENCE d\u00e9grad\u00e9<\/h2>\n\t<span class=\"price\"><del aria-hidden=\"true\"><span class=\"woocommerce-Price-amount amount\"><bdi><span class=\"woocommerce-Price-currencySymbol\">&euro;<\/span>22,00<\/bdi><\/span><\/del> <span class=\"screen-reader-text\">Le prix initial \u00e9tait\u00a0: &euro;22,00.<\/span><ins aria-hidden=\"true\"><span class=\"woocommerce-Price-amount amount\"><bdi><span class=\"woocommerce-Price-currencySymbol\">&euro;<\/span>10,00<\/bdi><\/span><\/ins><span class=\"screen-reader-text\">Le prix actuel est\u00a0: &euro;10,00.<\/span><\/span>\n<\/a><a href=\"?add-to-cart=10153\" aria-describedby=\"woocommerce_loop_add_to_cart_link_describedby_10153\" data-quantity=\"1\" class=\"button product_type_simple add_to_cart_button ajax_add_to_cart\" data-product_id=\"10153\" data-product_sku=\"\" aria-label=\"Ajouter au panier\u00a0: &ldquo;Bague ronde 24mm - LAURENCE d\u00e9grad\u00e9&rdquo;\" rel=\"nofollow\" data-success_message=\"\u00ab\u00a0Bague ronde 24mm - LAURENCE d\u00e9grad\u00e9\u00a0\u00bb a \u00e9t\u00e9 ajout\u00e9 \u00e0 votre panier\">Ajouter au panier<\/a>\t<span id=\"woocommerce_loop_add_to_cart_link_describedby_10153\" class=\"screen-reader-text\">\n\t\t\t<\/span>\n<\/li>\n<li class=\"sales-flash-overlay woocommerce-text-align-left woocommerce-image-align-center do-quantity-buttons product type-product post-10245 status-publish last instock product_cat-0_petits-prix product_cat-miyuki product_tag-collection-miyuki has-post-thumbnail sale sold-individually shipping-taxable purchasable product-type-simple\">\n\t<a href=\"https:\/\/www.owiowi.be\/?product=miyuki-2\" class=\"woocommerce-LoopProduct-link woocommerce-loop-product__link\">\n\t<span class=\"onsale\">Promo\u00a0!<\/span>\n\t<img loading=\"lazy\" decoding=\"async\" width=\"400\" height=\"400\" src=\"https:\/\/www.owiowi.be\/wp-content\/uploads\/2025\/12\/24-400x400.jpg\" class=\"attachment-woocommerce_thumbnail size-woocommerce_thumbnail\" alt=\"\" srcset=\"https:\/\/www.owiowi.be\/wp-content\/uploads\/2025\/12\/24-400x400.jpg 400w, https:\/\/www.owiowi.be\/wp-content\/uploads\/2025\/12\/24-300x300.jpg 300w, https:\/\/www.owiowi.be\/wp-content\/uploads\/2025\/12\/24-1024x1024.jpg 1024w, https:\/\/www.owiowi.be\/wp-content\/uploads\/2025\/12\/24-150x150.jpg 150w, https:\/\/www.owiowi.be\/wp-content\/uploads\/2025\/12\/24-768x768.jpg 768w, https:\/\/www.owiowi.be\/wp-content\/uploads\/2025\/12\/24-600x600.jpg 600w, https:\/\/www.owiowi.be\/wp-content\/uploads\/2025\/12\/24-100x100.jpg 100w, https:\/\/www.owiowi.be\/wp-content\/uploads\/2025\/12\/24.jpg 1080w\" sizes=\"(max-width: 400px) 100vw, 400px\" \/><h2 class=\"woocommerce-loop-product__title\">MIYUKI #2<\/h2>\n\t<span class=\"price\"><del aria-hidden=\"true\"><span class=\"woocommerce-Price-amount amount\"><bdi><span class=\"woocommerce-Price-currencySymbol\">&euro;<\/span>25,00<\/bdi><\/span><\/del> <span class=\"screen-reader-text\">Le prix initial \u00e9tait\u00a0: &euro;25,00.<\/span><ins aria-hidden=\"true\"><span class=\"woocommerce-Price-amount amount\"><bdi><span class=\"woocommerce-Price-currencySymbol\">&euro;<\/span>12,50<\/bdi><\/span><\/ins><span class=\"screen-reader-text\">Le prix actuel est\u00a0: &euro;12,50.<\/span><\/span>\n<\/a><a href=\"?add-to-cart=10245\" aria-describedby=\"woocommerce_loop_add_to_cart_link_describedby_10245\" data-quantity=\"1\" class=\"button product_type_simple add_to_cart_button ajax_add_to_cart\" data-product_id=\"10245\" data-product_sku=\"\" aria-label=\"Ajouter au panier\u00a0: &ldquo;MIYUKI #2&rdquo;\" rel=\"nofollow\" data-success_message=\"\u00ab\u00a0MIYUKI #2\u00a0\u00bb a \u00e9t\u00e9 ajout\u00e9 \u00e0 votre panier\">Ajouter au panier<\/a>\t<span id=\"woocommerce_loop_add_to_cart_link_describedby_10245\" class=\"screen-reader-text\">\n\t\t\t<\/span>\n<\/li>\n<\/ul>\n<\/div><div class=\"wp-block-columns is-layout-flex wp-container-core-columns-is-layout-3 wp-block-columns-is-layout-flex\"><div class=\"wp-block-column is-layout-flow wp-block-column-is-layout-flow\" style=\"flex-basis:100%\"><div class=\"wp-block-group alignwide\"><div class=\"wp-block-group__inner-container is-layout-flow wp-block-group-is-layout-flow\"><h4 class=\"gb-headline gb-headline-4aa8ba61\"><span class=\"gb-icon\"><svg xmlns=\"http:\/\/www.w3.org\/2000\/svg\" viewBox=\"0 0 60 4.688\"><path d=\"M57.656 0H2.344a2.343 2.343 0 100 4.688h55.312a2.344 2.344 0 000-4.688z\"><\/path><\/svg><\/span><span class=\"gb-headline-text\">Un projet, une id\u00e9e, une envie ?<\/span><\/h4>\n\n<div class=\"wp-block-columns alignwide are-vertically-aligned-center is-layout-flex wp-container-core-columns-is-layout-2 wp-block-columns-is-layout-flex\"><div class=\"wp-block-column is-vertically-aligned-center is-layout-flow wp-block-column-is-layout-flow\"><div class=\"wp-block-button aligncenter is-style-fill\"><a class=\"wp-block-button__link has-white-color has-text-color no-border-radius wp-element-button\" href=\"https:\/\/www.owiowi.be\/?page_id=4810\">Contactez-Nous<\/a><\/div>\n\n<p><\/p><\/div><\/div><\/div><\/div><\/div><\/div><div class=\"gb-grid-wrapper gb-grid-wrapper-ae85b4ab\">\n<div class=\"gb-grid-column gb-grid-column-33459d70\"><div class=\"gb-container gb-container-33459d70\"><div class=\"gb-inside-container\">\n<p><\/p>\n<\/div><\/div><\/div>\n<\/div><p><\/p><p><\/p>","protected":false},"excerpt":{"rendered":"<p>\u00ab\u00a0Efface le gris de la vie et allume les couleurs que tu poss\u00e8des \u00e0 l\u2019int\u00e9rieur\u2026\u00a0\u00bb&nbsp; Nouveaut\u00e9s ! Un projet, une id\u00e9e, une envie ?<\/p>\n","protected":false},"author":1,"featured_media":0,"parent":0,"menu_order":0,"comment_status":"closed","ping_status":"closed","template":"","meta":{"footnotes":""},"_links":{"self":[{"href":"https:\/\/www.owiowi.be\/index.php?rest_route=\/wp\/v2\/pages\/214"}],"collection":[{"href":"https:\/\/www.owiowi.be\/index.php?rest_route=\/wp\/v2\/pages"}],"about":[{"href":"https:\/\/www.owiowi.be\/index.php?rest_route=\/wp\/v2\/types\/page"}],"author":[{"embeddable":true,"href":"https:\/\/www.owiowi.be\/index.php?rest_route=\/wp\/v2\/users\/1"}],"replies":[{"embeddable":true,"href":"https:\/\/www.owiowi.be\/index.php?rest_route=%2Fwp%2Fv2%2Fcomments&post=214"}],"version-history":[{"count":67,"href":"https:\/\/www.owiowi.be\/index.php?rest_route=\/wp\/v2\/pages\/214\/revisions"}],"predecessor-version":[{"id":9870,"href":"https:\/\/www.owiowi.be\/index.php?rest_route=\/wp\/v2\/pages\/214\/revisions\/9870"}],"wp:attachment":[{"href":"https:\/\/www.owiowi.be\/index.php?rest_route=%2Fwp%2Fv2%2Fmedia&parent=214"}],"curies":[{"name":"wp","href":"https:\/\/api.w.org\/{rel}","templated":true}]}}