{"id":36,"date":"2020-11-18T20:20:18","date_gmt":"2020-11-18T19:20:18","guid":{"rendered":"http:\/\/owiowi.be\/?page_id=36"},"modified":"2024-08-18T14:20:57","modified_gmt":"2024-08-18T12:20:57","slug":"en-pratique","status":"publish","type":"page","link":"https:\/\/www.owiowi.be\/?page_id=36","title":{"rendered":"Livraison"},"content":{"rendered":"<div class=\"gb-container gb-container-b1a77d08\"><div class=\"gb-inside-container\">\n<h3 class=\"wp-block-heading\">Livraison &amp; Points d\u2019enl\u00e8vement<\/h3>\n\n<div class=\"wp-block-columns is-layout-flex wp-container-core-columns-is-layout-2 wp-block-columns-is-layout-flex\"><div class=\"wp-block-column is-layout-flow wp-block-column-is-layout-flow\" style=\"flex-basis:50%\"><div class=\"wp-block-columns is-layout-flex wp-container-core-columns-is-layout-1 wp-block-columns-is-layout-flex\"><div class=\"wp-block-column is-layout-flow wp-block-column-is-layout-flow\" style=\"flex-basis:100%\"><p class=\"has-text-color\" style=\"color:#ee7ba3\"><strong>Livraison<\/strong><\/p>\n\n<p><em>&#8211; A domicile &#8211;<\/em><br>\u2022 <strong>En Belgique<\/strong>, pour un forfait unique de <strong>3,00\u20ac<\/strong> : Envoi classique, assur\u00e9 par Bpost, sous enveloppe \u00e0 bulles.<br><em>Attention<\/em> : Nous d\u00e9clinons toute responsabilit\u00e9 en cas de perte.<\/p>\n\n<p>\u2022 <strong>En Belgique<\/strong>, <\/p>\n\n<p>pour un forfait unique de <strong>4\u20ac<\/strong> : Envoi dans un point d&rsquo;enl\u00e8vement Mondial Relay<\/p>\n\n<p>pour un forfait unique de <strong>5\u20ac<\/strong> : Envoi dans un point d&rsquo;enl\u00e8vement Bpost <\/p>\n\n<p>pour un forfait unique de <strong>6,65\u20ac<\/strong> : Envoi sous boite, \u00e0 domicile, assur\u00e9 par Bpost. <\/p>\n\n<p>Trouvez votre point d&rsquo;enl\u00e8vement ou distributeur via : <em><a rel=\"noreferrer noopener\" href=\"https:\/\/www.bpost.be\/fr\/trouvez-bpost\" target=\"_blank\">https:\/\/www.bpost.be\/fr\/trouvez-bpost<\/a>.<\/em> Indiquez votre choix lors de votre commande en \u00ab\u00a0Notes de commande\u00a0\u00bb.<\/p>\n\n<p class=\"has-background\" style=\"background-color:#e8e8e8\">Nous vous offrons la livraison en Belgique d\u00e8s 100,00\u20ac de commande.<\/p>\n\n<p><strong>En Europe<\/strong>, la livraison est possible moyennant un devis pour les frais d\u2019envoi en fonction du poids de votre colis.<br><\/p>\n\n<p>Votre colis sera pr\u00e9par\u00e9 et exp\u00e9di\u00e9 dans les plus brefs d\u00e9lais \u00e0 l\u2019adresse mentionn\u00e9e lors de votre commande.<\/p><\/div><\/div><\/div>\n\n<div class=\"wp-block-column is-layout-flow wp-block-column-is-layout-flow\" style=\"flex-basis:50%\"><p class=\"has-text-color\" style=\"color:#ee7ba3\"><strong>Points d&rsquo;enl\u00e8vement<\/strong><\/p>\n\n<p class=\"has-black-color has-text-color\"><br>Il est possible de retirer votre commande directement sur <em>Evere<\/em> (Bruxelles) ou <em>Nivelles<\/em>. La livraison est alors <strong>gratuite<\/strong>.<\/p>\n\n<p class=\"has-black-color has-text-color\">Nous vous contacterons d\u00e8s que votre commande est pr\u00eate.<\/p>\n\n<figure class=\"wp-block-image size-large is-resized\"><img loading=\"lazy\" decoding=\"async\" width=\"1024\" height=\"768\" src=\"https:\/\/www.owiowi.be\/wp-content\/uploads\/2021\/01\/2021-01-18-at-21.20.55-e1611002118160-1024x768.jpeg\" alt=\"\" class=\"wp-image-5485\" style=\"width:534px;height:400px\" srcset=\"https:\/\/www.owiowi.be\/wp-content\/uploads\/2021\/01\/2021-01-18-at-21.20.55-e1611002118160-1024x768.jpeg 1024w, https:\/\/www.owiowi.be\/wp-content\/uploads\/2021\/01\/2021-01-18-at-21.20.55-e1611002118160-600x450.jpeg 600w, https:\/\/www.owiowi.be\/wp-content\/uploads\/2021\/01\/2021-01-18-at-21.20.55-e1611002118160-300x225.jpeg 300w, https:\/\/www.owiowi.be\/wp-content\/uploads\/2021\/01\/2021-01-18-at-21.20.55-e1611002118160-768x576.jpeg 768w, https:\/\/www.owiowi.be\/wp-content\/uploads\/2021\/01\/2021-01-18-at-21.20.55-e1611002118160-1536x1152.jpeg 1536w, https:\/\/www.owiowi.be\/wp-content\/uploads\/2021\/01\/2021-01-18-at-21.20.55-e1611002118160.jpeg 1920w\" sizes=\"(max-width: 1024px) 100vw, 1024px\" \/><\/figure><\/div><\/div>\n\n<h3 class=\"wp-block-heading\">Emballage de protection<\/h3>\n\n<div class=\"wp-block-columns is-layout-flex wp-container-core-columns-is-layout-3 wp-block-columns-is-layout-flex\"><div class=\"wp-block-column is-layout-flow wp-block-column-is-layout-flow\" style=\"flex-basis:100%\"><p>Par souci d&rsquo;\u00e9cologie, les bijoux command\u00e9s (en p\u00e2te polym\u00e8re) seront pr\u00e9par\u00e9s par collection dans un m\u00eame emballage de protection. Il en va de m\u00eame pour les bijoux *sequins*; ils seront \u00e9galement regroup\u00e9s. Si les bijoux devaient \u00eatre emball\u00e9s diff\u00e9remment, merci de nous le pr\u00e9ciser lors de votre commande via les \u00ab\u00a0Notes de commande\u00a0\u00bb.<\/p>\n\n<p><\/p><\/div><\/div>\n\n<p><\/p>\n\n<h3 class=\"gb-headline gb-headline-f1b628e9\"><span class=\"gb-icon\"><svg xmlns=\"http:\/\/www.w3.org\/2000\/svg\" viewBox=\"0 0 60 4.688\"><path d=\"M57.656 0H2.344a2.343 2.343 0 100 4.688h55.312a2.344 2.344 0 000-4.688z\"><\/path><\/svg><\/span><span class=\"gb-headline-text\"><\/span><\/h3>\n\n<h3 class=\"wp-block-heading\">Carte cadeau &amp; Surprise<\/h3>\n\n<div class=\"wp-block-columns is-layout-flex wp-container-core-columns-is-layout-5 wp-block-columns-is-layout-flex\"><div class=\"wp-block-column is-layout-flow wp-block-column-is-layout-flow\" style=\"flex-basis:100%\"><div class=\"wp-block-columns is-layout-flex wp-container-core-columns-is-layout-4 wp-block-columns-is-layout-flex\"><div class=\"wp-block-column is-layout-flow wp-block-column-is-layout-flow\" style=\"flex-basis:50%\"><p class=\"has-text-color\" style=\"color:#ee7ba3\"><strong>Carte cadeau<\/strong><\/p>\n\n<p>Faites-lui plaisir !<br>Vous d\u00e9sirez offrir \u00e0 un proche une carte cadeau de la valeur de votre choix ?<br>Pour cela, il vous suffit de nous <a href=\"https:\/\/www.owiowi.be\/?page_id=4810\" data-type=\"page\" data-id=\"4810\">contacter<\/a>.<br>Une fois votre choix valid\u00e9, la carte cadeau sur mesure vous sera envoy\u00e9e par mail ou par envoi postal d\u00e8s r\u00e9ception du paiement.<br>Celle-ci sera valable 6 mois.<br><\/p><\/div>\n\n<div class=\"wp-block-column is-layout-flow wp-block-column-is-layout-flow\" style=\"flex-basis:50%\"><p class=\"has-text-color\" style=\"color:#ee7ba3\"><strong>Surprise<\/strong><\/p>\n\n<p>Envie de surprendre un proche ?<br>Avec Owi, c\u2019est possible !<br><\/p>\n\n<p>Pour un suppl\u00e9ment de 2,00\u20ac, personnalisez votre colis en l\u2019accompagnant d\u2019un message et d\u2019un paquet cadeau. Celui-ci lui sera livr\u00e9 directement \u00e0 son domicile. <a href=\"https:\/\/www.owiowi.be\/?page_id=4810\" data-type=\"page\" data-id=\"4810\">Contactez-nous<\/a> ! Ou mentionnez-le en \u00ab\u00a0Notes de commande\u00a0\u00bb.<\/p>\n\n<p><\/p><\/div><\/div>\n\n<h3 class=\"gb-headline gb-headline-f1b628e9\"><span class=\"gb-icon\"><svg xmlns=\"http:\/\/www.w3.org\/2000\/svg\" viewBox=\"0 0 60 4.688\"><path d=\"M57.656 0H2.344a2.343 2.343 0 100 4.688h55.312a2.344 2.344 0 000-4.688z\"><\/path><\/svg><\/span><span class=\"gb-headline-text\"><\/span><\/h3><\/div><\/div>\n\n<h3 class=\"wp-block-heading\">Modalit\u00e9s de paiement<\/h3>\n\n<p>\u2022 Par virement bancaire<br>\u2022 En esp\u00e8ces (uniquement pour l&rsquo;option \u00ab\u00a0points d\u2019enl\u00e8vement\u00a0\u00bb)<\/p>\n<\/div><\/div><div class=\"wp-block-column is-vertically-aligned-center is-layout-flow wp-block-column-is-layout-flow\" style=\"flex-basis:100%\"><p><\/p><\/div>","protected":false},"excerpt":{"rendered":"<p>Livraison &amp; Points d\u2019enl\u00e8vement Livraison &#8211; A domicile &#8211;\u2022 En Belgique, pour un forfait unique de 3,00\u20ac : Envoi classique, assur\u00e9 par Bpost, sous enveloppe \u00e0 bulles.Attention : Nous d\u00e9clinons toute responsabilit\u00e9 en cas de &#8230; <\/p>\n<p class=\"read-more-container\"><a title=\"Livraison\" class=\"read-more button\" href=\"https:\/\/www.owiowi.be\/?page_id=36#more-36\" aria-label=\"Plus sur Livraison\">Lire plus<\/a><\/p>\n","protected":false},"author":1,"featured_media":0,"parent":0,"menu_order":0,"comment_status":"closed","ping_status":"closed","template":"","meta":{"footnotes":""},"_links":{"self":[{"href":"https:\/\/www.owiowi.be\/index.php?rest_route=\/wp\/v2\/pages\/36"}],"collection":[{"href":"https:\/\/www.owiowi.be\/index.php?rest_route=\/wp\/v2\/pages"}],"about":[{"href":"https:\/\/www.owiowi.be\/index.php?rest_route=\/wp\/v2\/types\/page"}],"author":[{"embeddable":true,"href":"https:\/\/www.owiowi.be\/index.php?rest_route=\/wp\/v2\/users\/1"}],"replies":[{"embeddable":true,"href":"https:\/\/www.owiowi.be\/index.php?rest_route=%2Fwp%2Fv2%2Fcomments&post=36"}],"version-history":[{"count":63,"href":"https:\/\/www.owiowi.be\/index.php?rest_route=\/wp\/v2\/pages\/36\/revisions"}],"predecessor-version":[{"id":9858,"href":"https:\/\/www.owiowi.be\/index.php?rest_route=\/wp\/v2\/pages\/36\/revisions\/9858"}],"wp:attachment":[{"href":"https:\/\/www.owiowi.be\/index.php?rest_route=%2Fwp%2Fv2%2Fmedia&parent=36"}],"curies":[{"name":"wp","href":"https:\/\/api.w.org\/{rel}","templated":true}]}}