{"id":6786,"date":"2024-01-09T23:39:14","date_gmt":"2024-01-09T22:39:14","guid":{"rendered":"https:\/\/www.owiowi.be\/?page_id=6786"},"modified":"2024-12-12T21:56:59","modified_gmt":"2024-12-12T20:56:59","slug":"entretien","status":"publish","type":"page","link":"https:\/\/www.owiowi.be\/?page_id=6786","title":{"rendered":"Composition &#038; Entretien"},"content":{"rendered":"<p><\/p><h3 class=\"wp-block-heading\">La composition des bijoux varie selon les collections :<\/h3><p><\/p><div class=\"wp-block-columns is-layout-flex wp-container-core-columns-is-layout-1 wp-block-columns-is-layout-flex\"><div class=\"wp-block-column is-layout-flow wp-block-column-is-layout-flow\" style=\"flex-basis:33.33%\"><p class=\"has-text-color has-link-color wp-elements-40f915b102ad96021ab91fd42f65bdff\" style=\"color:#ee7ba3\"><strong>Bijoux en p\u00e2te polym\u00e8re<\/strong> <\/p><\/div>\n\n<div class=\"wp-block-column is-layout-flow wp-block-column-is-layout-flow\" style=\"flex-basis:33.33%\"><p class=\"has-contrast-color has-text-color has-link-color wp-elements-ca33e754063c65dbc52bf9d69cc98787\">Nos supports de bijoux proviennent tous d\u2019Europe. Afin de limiter les risques d\u2019allergie, ils sont compos\u00e9s de laiton ainsi que de m\u00e9tal (couleur argent\u00e9e) et sont garantis sans cadmium, ni nickel, ni plomb. Nos r\u00e9alisations en p\u00e2te polym\u00e8re sont recouvertes de deux couches de vernis brillant et r\u00e9sistant.<\/p>\n\n<p><\/p><\/div>\n\n<div class=\"wp-block-column is-layout-flow wp-block-column-is-layout-flow\" style=\"flex-basis:33.33%\"><h3 class=\"wp-block-heading has-text-align-center\"><img loading=\"lazy\" decoding=\"async\" width=\"155\" height=\"155\" class=\"wp-image-9148\" style=\"width: 155px;\" src=\"https:\/\/www.owiowi.be\/wp-content\/uploads\/2023\/06\/IMG_6088.jpg\" alt=\"\" srcset=\"https:\/\/www.owiowi.be\/wp-content\/uploads\/2023\/06\/IMG_6088.jpg 2488w, https:\/\/www.owiowi.be\/wp-content\/uploads\/2023\/06\/IMG_6088-300x300.jpg 300w, https:\/\/www.owiowi.be\/wp-content\/uploads\/2023\/06\/IMG_6088-1024x1024.jpg 1024w, https:\/\/www.owiowi.be\/wp-content\/uploads\/2023\/06\/IMG_6088-150x150.jpg 150w, https:\/\/www.owiowi.be\/wp-content\/uploads\/2023\/06\/IMG_6088-768x768.jpg 768w, https:\/\/www.owiowi.be\/wp-content\/uploads\/2023\/06\/IMG_6088-1536x1536.jpg 1536w, https:\/\/www.owiowi.be\/wp-content\/uploads\/2023\/06\/IMG_6088-2048x2048.jpg 2048w, https:\/\/www.owiowi.be\/wp-content\/uploads\/2023\/06\/IMG_6088-400x400.jpg 400w, https:\/\/www.owiowi.be\/wp-content\/uploads\/2023\/06\/IMG_6088-600x600.jpg 600w, https:\/\/www.owiowi.be\/wp-content\/uploads\/2023\/06\/IMG_6088-100x100.jpg 100w\" sizes=\"(max-width: 155px) 100vw, 155px\" \/><\/h3><\/div><\/div><div class=\"wp-block-columns is-layout-flex wp-container-core-columns-is-layout-2 wp-block-columns-is-layout-flex\"><div class=\"wp-block-column is-layout-flow wp-block-column-is-layout-flow\" style=\"flex-basis:33.33%\"><p class=\"has-text-color has-link-color wp-elements-22f2896e84f2d3250840000582f317b7\" style=\"color:#ee7ba3\"><strong>Bijoux \u00ab\u00a0H\u00e9v\u00e9a\u00a0\u00bb<\/strong><\/p>\n\n<p><\/p>\n\n<p><\/p>\n\n<p><\/p>\n\n<p><\/p>\n\n<p class=\"has-text-color has-link-color wp-elements-6703699b0bcaf674d82cd08ee7e8eab5\" style=\"color:#ee7ba3\"><\/p><\/div>\n\n<div class=\"wp-block-column is-layout-flow wp-block-column-is-layout-flow\" style=\"flex-basis:33.33%\"><p>Le mat\u00e9riel utilis\u00e9 est en m\u00e9tal, un alliage sur base de cuivre recouvert d&rsquo;une fine couche de peinture et\/ou de caoutchouc et\/ou papier japonais.&nbsp;Il r\u00e9pond aux normes U.E. concernant les allergies. Il est sans nickel, sans plomb, sans cadmium.&nbsp;<\/p><\/div>\n\n<div class=\"wp-block-column is-layout-flow wp-block-column-is-layout-flow\" style=\"flex-basis:33.33%\"><p class=\"has-text-align-center\"><img loading=\"lazy\" decoding=\"async\" width=\"155\" height=\"155\" class=\"wp-image-8639\" style=\"width: 155px;\" src=\"https:\/\/www.owiowi.be\/wp-content\/uploads\/2023\/09\/IMG_3444.jpg\" alt=\"\" srcset=\"https:\/\/www.owiowi.be\/wp-content\/uploads\/2023\/09\/IMG_3444.jpg 1753w, https:\/\/www.owiowi.be\/wp-content\/uploads\/2023\/09\/IMG_3444-300x300.jpg 300w, https:\/\/www.owiowi.be\/wp-content\/uploads\/2023\/09\/IMG_3444-1024x1024.jpg 1024w, https:\/\/www.owiowi.be\/wp-content\/uploads\/2023\/09\/IMG_3444-150x150.jpg 150w, https:\/\/www.owiowi.be\/wp-content\/uploads\/2023\/09\/IMG_3444-768x768.jpg 768w, https:\/\/www.owiowi.be\/wp-content\/uploads\/2023\/09\/IMG_3444-1536x1536.jpg 1536w, https:\/\/www.owiowi.be\/wp-content\/uploads\/2023\/09\/IMG_3444-400x400.jpg 400w, https:\/\/www.owiowi.be\/wp-content\/uploads\/2023\/09\/IMG_3444-600x600.jpg 600w, https:\/\/www.owiowi.be\/wp-content\/uploads\/2023\/09\/IMG_3444-100x100.jpg 100w\" sizes=\"(max-width: 155px) 100vw, 155px\" \/><\/p><\/div><\/div><div class=\"wp-block-columns is-layout-flex wp-container-core-columns-is-layout-3 wp-block-columns-is-layout-flex\"><div class=\"wp-block-column is-layout-flow wp-block-column-is-layout-flow\" style=\"flex-basis:33.33%\"><p class=\"has-text-color has-link-color wp-elements-4baeed444b595a3089bdab035e737500\" style=\"color:#ee7ba3\"><strong>Bijoux \u00ab\u00a0Sequins\u00a0\u00bb <\/strong><\/p><\/div>\n\n<div class=\"wp-block-column is-layout-flow wp-block-column-is-layout-flow\" style=\"flex-basis:33.33%\"><p>Le mat\u00e9riel utilis\u00e9 est compos\u00e9 d&rsquo;un sequin \u00e9maill\u00e9 sur les deux faces sur une base en laiton brut, de pi\u00e8ces en laiton ou m\u00e9talliques recouvertes de peinture. Nos appr\u00eats de bijoux proviennent tous d\u2019Europe. Afin de limiter les risques d\u2019allergie, ils sont garantis sans cadmium, ni nickel, ni plomb.<\/p><\/div>\n\n<div class=\"wp-block-column is-layout-flow wp-block-column-is-layout-flow\" style=\"flex-basis:33.33%\"><p class=\"has-text-align-center\"><img loading=\"lazy\" decoding=\"async\" width=\"155\" height=\"155\" class=\"wp-image-8933\" style=\"width: 155px;\" src=\"https:\/\/www.owiowi.be\/wp-content\/uploads\/2023\/12\/IMG_5887-1.jpg\" alt=\"\" srcset=\"https:\/\/www.owiowi.be\/wp-content\/uploads\/2023\/12\/IMG_5887-1.jpg 1922w, https:\/\/www.owiowi.be\/wp-content\/uploads\/2023\/12\/IMG_5887-1-300x300.jpg 300w, https:\/\/www.owiowi.be\/wp-content\/uploads\/2023\/12\/IMG_5887-1-1024x1024.jpg 1024w, https:\/\/www.owiowi.be\/wp-content\/uploads\/2023\/12\/IMG_5887-1-150x150.jpg 150w, https:\/\/www.owiowi.be\/wp-content\/uploads\/2023\/12\/IMG_5887-1-768x768.jpg 768w, https:\/\/www.owiowi.be\/wp-content\/uploads\/2023\/12\/IMG_5887-1-1536x1536.jpg 1536w, https:\/\/www.owiowi.be\/wp-content\/uploads\/2023\/12\/IMG_5887-1-400x400.jpg 400w, https:\/\/www.owiowi.be\/wp-content\/uploads\/2023\/12\/IMG_5887-1-600x600.jpg 600w, https:\/\/www.owiowi.be\/wp-content\/uploads\/2023\/12\/IMG_5887-1-100x100.jpg 100w\" sizes=\"(max-width: 155px) 100vw, 155px\" \/><\/p><\/div><\/div><hr class=\"wp-block-separator has-text-color has-alpha-channel-opacity has-background is-style-dots\" style=\"background-color:#ee7ba3;color:#ee7ba3\"\/><p><\/p><p><\/p><div class=\"gb-container gb-container-6f98a5ae\">\n<div class=\"gb-container gb-container-130f4ffa\">\n<h3 class=\"wp-block-heading\">Afin de garder vos bijoux dans un bon \u00e9tat le plus longtemps possible, nous vous conseillons de :<\/h3>\n<\/div>\n<\/div><ul><li>Passer un chiffon en microfibre sporadiquement sur les bijoux afin qu\u2019ils retrouvent tout leur \u00e9clat ;<\/li>\n\n<li>Eviter le contact direct avec l\u2019eau car le vernis, la peinture, le papier de soie et\/ou les m\u00e9taux pourraient s\u2019alt\u00e9rer ou se d\u00e9t\u00e9riorer ;<\/li>\n\n<li>Entreposer les bijoux dans un endroit sec et \u00e0 l\u2019abri de la lumi\u00e8re ; <\/li>\n\n<li>Eviter le contact avec les produits cosm\u00e9tiques, les parfums, les produits d&rsquo;entretien et l&rsquo;eau de piscine chlor\u00e9e ;  <\/li>\n\n<li>Eviter toute chute car les pi\u00e8ces pourraient se d\u00e9t\u00e9riorer.<\/li>\n\n<li>Manipuler les pi\u00e8ces m\u00e9talliques (recouvertes ou non) avec soin pour \u00e9viter les rayures, \u00e9raflures ou d\u00e9collements.<\/li><\/ul><p><\/p><p><\/p>","protected":false},"excerpt":{"rendered":"<p>La composition des bijoux varie selon les collections : Bijoux en p\u00e2te polym\u00e8re Nos supports de bijoux proviennent tous d\u2019Europe. Afin de limiter les risques d\u2019allergie, ils sont compos\u00e9s de laiton ainsi que de m\u00e9tal &#8230; <\/p>\n<p class=\"read-more-container\"><a title=\"Composition &#038; Entretien\" class=\"read-more button\" href=\"https:\/\/www.owiowi.be\/?page_id=6786#more-6786\" aria-label=\"Plus sur Composition &#038; Entretien\">Lire plus<\/a><\/p>\n","protected":false},"author":1,"featured_media":0,"parent":0,"menu_order":0,"comment_status":"closed","ping_status":"closed","template":"","meta":{"footnotes":""},"_links":{"self":[{"href":"https:\/\/www.owiowi.be\/index.php?rest_route=\/wp\/v2\/pages\/6786"}],"collection":[{"href":"https:\/\/www.owiowi.be\/index.php?rest_route=\/wp\/v2\/pages"}],"about":[{"href":"https:\/\/www.owiowi.be\/index.php?rest_route=\/wp\/v2\/types\/page"}],"author":[{"embeddable":true,"href":"https:\/\/www.owiowi.be\/index.php?rest_route=\/wp\/v2\/users\/1"}],"replies":[{"embeddable":true,"href":"https:\/\/www.owiowi.be\/index.php?rest_route=%2Fwp%2Fv2%2Fcomments&post=6786"}],"version-history":[{"count":21,"href":"https:\/\/www.owiowi.be\/index.php?rest_route=\/wp\/v2\/pages\/6786\/revisions"}],"predecessor-version":[{"id":10048,"href":"https:\/\/www.owiowi.be\/index.php?rest_route=\/wp\/v2\/pages\/6786\/revisions\/10048"}],"wp:attachment":[{"href":"https:\/\/www.owiowi.be\/index.php?rest_route=%2Fwp%2Fv2%2Fmedia&parent=6786"}],"curies":[{"name":"wp","href":"https:\/\/api.w.org\/{rel}","templated":true}]}}