{"id":10193,"date":"2026-01-01T00:01:44","date_gmt":"2025-12-31T23:01:44","guid":{"rendered":"https:\/\/www.owiowi.be\/?post_type=product&#038;p=10193"},"modified":"2025-12-27T21:07:31","modified_gmt":"2025-12-27T20:07:31","slug":"bague-24-mm-noire","status":"publish","type":"product","link":"https:\/\/www.owiowi.be\/?product=bague-24-mm-noire","title":{"rendered":"Bague 24 mm noire"},"content":{"rendered":"<p><strong>Caract\u00e9ristiques :<\/strong><\/p>\n<ul>\n<li>Collection noire<\/li>\n<li>Support en m\u00e9tal, zinc &#8211; r\u00e9glable avec plateau rond<\/li>\n<li>Motif verni mat en p\u00e2te polym\u00e8re<\/li>\n<li>Couleur noire<\/li>\n<li>Taille : 24 mm de c\u00f4t\u00e9<\/li>\n<li>Bijou artisanal fait main<\/li>\n<li>Livr\u00e9 dans un emballage de protection<\/li>\n<\/ul>\n<p>Cette collection est disponible en \u00e9dition limit\u00e9e.<\/p>\n","protected":false},"excerpt":{"rendered":"<p>Caract\u00e9ristiques : Collection noire Support en m\u00e9tal, zinc &#8211; r\u00e9glable avec plateau rond Motif verni mat en p\u00e2te polym\u00e8re Couleur noire Taille : 24 mm de c\u00f4t\u00e9 Bijou artisanal fait main Livr\u00e9 dans un emballage &#8230; <\/p>\n<p class=\"read-more-container\"><a title=\"Bague 24 mm noire\" class=\"read-more button\" href=\"https:\/\/www.owiowi.be\/?product=bague-24-mm-noire#more-10193\" aria-label=\"Plus sur Bague 24 mm noire\">Lire plus<\/a><\/p>\n","protected":false},"featured_media":10175,"comment_status":"open","ping_status":"closed","template":"","meta":[],"product_cat":[101,57],"product_tag":[],"_links":{"self":[{"href":"https:\/\/www.owiowi.be\/index.php?rest_route=\/wp\/v2\/product\/10193"}],"collection":[{"href":"https:\/\/www.owiowi.be\/index.php?rest_route=\/wp\/v2\/product"}],"about":[{"href":"https:\/\/www.owiowi.be\/index.php?rest_route=\/wp\/v2\/types\/product"}],"replies":[{"embeddable":true,"href":"https:\/\/www.owiowi.be\/index.php?rest_route=%2Fwp%2Fv2%2Fcomments&post=10193"}],"wp:featuredmedia":[{"embeddable":true,"href":"https:\/\/www.owiowi.be\/index.php?rest_route=\/wp\/v2\/media\/10175"}],"wp:attachment":[{"href":"https:\/\/www.owiowi.be\/index.php?rest_route=%2Fwp%2Fv2%2Fmedia&parent=10193"}],"wp:term":[{"taxonomy":"product_cat","embeddable":true,"href":"https:\/\/www.owiowi.be\/index.php?rest_route=%2Fwp%2Fv2%2Fproduct_cat&post=10193"},{"taxonomy":"product_tag","embeddable":true,"href":"https:\/\/www.owiowi.be\/index.php?rest_route=%2Fwp%2Fv2%2Fproduct_tag&post=10193"}],"curies":[{"name":"wp","href":"https:\/\/api.w.org\/{rel}","templated":true}]}}