{"id":10195,"date":"2026-01-01T00:01:26","date_gmt":"2025-12-31T23:01:26","guid":{"rendered":"https:\/\/www.owiowi.be\/?post_type=product&#038;p=10195"},"modified":"2025-12-27T21:11:22","modified_gmt":"2025-12-27T20:11:22","slug":"bague-15mm-zia","status":"publish","type":"product","link":"https:\/\/www.owiowi.be\/?product=bague-15mm-zia","title":{"rendered":"Bague 15mm &#8211; ZIA"},"content":{"rendered":"<p><strong>Caract\u00e9ristiques :<\/strong><\/p>\n<ul>\n<li>Collection ZIA (1 &#8211; grand format)<\/li>\n<li>Support en m\u00e9tal, laiton &#8211; r\u00e9glable avec plateau rond<\/li>\n<li>Motif verni en p\u00e2te polym\u00e8re<\/li>\n<li>Couleur motif : bleu ciel &#8211; mauve &#8211; rose &#8211; jaune &#8211; vert<\/li>\n<li>Taille : 15 mm de diam\u00e8tre<\/li>\n<li>Bijou artisanal fait main<\/li>\n<li>Livr\u00e9 dans un emballage de protection<\/li>\n<\/ul>\n<p>Cette collection est disponible en \u00e9dition limit\u00e9e.<\/p>\n","protected":false},"excerpt":{"rendered":"<p>Caract\u00e9ristiques : Collection ZIA (1 &#8211; grand format) Support en m\u00e9tal, laiton &#8211; r\u00e9glable avec plateau rond Motif verni en p\u00e2te polym\u00e8re Couleur motif : bleu ciel &#8211; mauve &#8211; rose &#8211; jaune &#8211; vert &#8230; <\/p>\n<p class=\"read-more-container\"><a title=\"Bague 15mm &#8211; ZIA\" class=\"read-more button\" href=\"https:\/\/www.owiowi.be\/?product=bague-15mm-zia#more-10195\" aria-label=\"Plus sur Bague 15mm &#8211; ZIA\">Lire plus<\/a><\/p>\n","protected":false},"featured_media":10187,"comment_status":"open","ping_status":"closed","template":"","meta":[],"product_cat":[101,57],"product_tag":[76],"_links":{"self":[{"href":"https:\/\/www.owiowi.be\/index.php?rest_route=\/wp\/v2\/product\/10195"}],"collection":[{"href":"https:\/\/www.owiowi.be\/index.php?rest_route=\/wp\/v2\/product"}],"about":[{"href":"https:\/\/www.owiowi.be\/index.php?rest_route=\/wp\/v2\/types\/product"}],"replies":[{"embeddable":true,"href":"https:\/\/www.owiowi.be\/index.php?rest_route=%2Fwp%2Fv2%2Fcomments&post=10195"}],"wp:featuredmedia":[{"embeddable":true,"href":"https:\/\/www.owiowi.be\/index.php?rest_route=\/wp\/v2\/media\/10187"}],"wp:attachment":[{"href":"https:\/\/www.owiowi.be\/index.php?rest_route=%2Fwp%2Fv2%2Fmedia&parent=10195"}],"wp:term":[{"taxonomy":"product_cat","embeddable":true,"href":"https:\/\/www.owiowi.be\/index.php?rest_route=%2Fwp%2Fv2%2Fproduct_cat&post=10195"},{"taxonomy":"product_tag","embeddable":true,"href":"https:\/\/www.owiowi.be\/index.php?rest_route=%2Fwp%2Fv2%2Fproduct_tag&post=10195"}],"curies":[{"name":"wp","href":"https:\/\/api.w.org\/{rel}","templated":true}]}}