{"id":10208,"date":"2026-01-01T00:01:24","date_gmt":"2025-12-31T23:01:24","guid":{"rendered":"https:\/\/www.owiowi.be\/?post_type=product&#038;p=10208"},"modified":"2025-12-27T21:41:15","modified_gmt":"2025-12-27T20:41:15","slug":"bague-carree-15mm","status":"publish","type":"product","link":"https:\/\/www.owiowi.be\/?product=bague-carree-15mm","title":{"rendered":"Bague carr\u00e9e 15mm"},"content":{"rendered":"<p><strong>Caract\u00e9ristiques :<\/strong><\/p>\n<ul>\n<li>Pi\u00e8ce unique<\/li>\n<li>Support en m\u00e9tal, zinc &#8211; r\u00e9glable avec plateau carr\u00e9<\/li>\n<li>Motif verni en p\u00e2te polym\u00e8re<\/li>\n<li>Couleur motif : bleu &#8211; gris &#8211; bordeaux &#8211; blanc<\/li>\n<li>Taille : 15 mm de c\u00f4t\u00e9<\/li>\n<li>Bijou artisanal fait main<\/li>\n<li>Livr\u00e9 dans un emballage de protection<\/li>\n<\/ul>\n<p>Cette collection est disponible en \u00e9dition limit\u00e9e.<\/p>\n","protected":false},"excerpt":{"rendered":"<p>Caract\u00e9ristiques : Pi\u00e8ce unique Support en m\u00e9tal, zinc &#8211; r\u00e9glable avec plateau carr\u00e9 Motif verni en p\u00e2te polym\u00e8re Couleur motif : bleu &#8211; gris &#8211; bordeaux &#8211; blanc Taille : 15 mm de c\u00f4t\u00e9 Bijou &#8230; <\/p>\n<p class=\"read-more-container\"><a title=\"Bague carr\u00e9e 15mm\" class=\"read-more button\" href=\"https:\/\/www.owiowi.be\/?product=bague-carree-15mm#more-10208\" aria-label=\"Plus sur Bague carr\u00e9e 15mm\">Lire plus<\/a><\/p>\n","protected":false},"featured_media":10190,"comment_status":"open","ping_status":"closed","template":"","meta":[],"product_cat":[101,57],"product_tag":[],"_links":{"self":[{"href":"https:\/\/www.owiowi.be\/index.php?rest_route=\/wp\/v2\/product\/10208"}],"collection":[{"href":"https:\/\/www.owiowi.be\/index.php?rest_route=\/wp\/v2\/product"}],"about":[{"href":"https:\/\/www.owiowi.be\/index.php?rest_route=\/wp\/v2\/types\/product"}],"replies":[{"embeddable":true,"href":"https:\/\/www.owiowi.be\/index.php?rest_route=%2Fwp%2Fv2%2Fcomments&post=10208"}],"wp:featuredmedia":[{"embeddable":true,"href":"https:\/\/www.owiowi.be\/index.php?rest_route=\/wp\/v2\/media\/10190"}],"wp:attachment":[{"href":"https:\/\/www.owiowi.be\/index.php?rest_route=%2Fwp%2Fv2%2Fmedia&parent=10208"}],"wp:term":[{"taxonomy":"product_cat","embeddable":true,"href":"https:\/\/www.owiowi.be\/index.php?rest_route=%2Fwp%2Fv2%2Fproduct_cat&post=10208"},{"taxonomy":"product_tag","embeddable":true,"href":"https:\/\/www.owiowi.be\/index.php?rest_route=%2Fwp%2Fv2%2Fproduct_tag&post=10208"}],"curies":[{"name":"wp","href":"https:\/\/api.w.org\/{rel}","templated":true}]}}