{"id":10232,"date":"2026-01-01T00:01:11","date_gmt":"2025-12-31T23:01:11","guid":{"rendered":"https:\/\/www.owiowi.be\/?post_type=product&#038;p=10232"},"modified":"2025-12-27T23:09:03","modified_gmt":"2025-12-27T22:09:03","slug":"boucles-doreilles-libres-laurence-2","status":"publish","type":"product","link":"https:\/\/www.owiowi.be\/?product=boucles-doreilles-libres-laurence-2","title":{"rendered":"Boucles d&rsquo;oreilles libres &#8211; LAURENCE"},"content":{"rendered":"<p><strong>Caract\u00e9ristiques<\/strong><\/p>\n<ul>\n<li>collection LAURENCE &#8211; petit motif<\/li>\n<li>Support et clou en m\u00e9tal , recouvert de peinture dor\u00e9e mate<\/li>\n<li>Motif verni en p\u00e2te polym\u00e8re<\/li>\n<li>Couleur motif : brun &#8211; noir &#8211; blanc<\/li>\n<li>Taille : 10 mm de diam\u00e8tre environ<\/li>\n<li>Bijou artisanal fait main<\/li>\n<li>Livr\u00e9 dans un emballage de protection<\/li>\n<\/ul>\n<p>Cette collection est disponible en \u00e9dition limit\u00e9e.<\/p>\n","protected":false},"excerpt":{"rendered":"<p>Caract\u00e9ristiques collection LAURENCE &#8211; petit motif Support et clou en m\u00e9tal , recouvert de peinture dor\u00e9e mate Motif verni en p\u00e2te polym\u00e8re Couleur motif : brun &#8211; noir &#8211; blanc Taille : 10 mm de &#8230; <\/p>\n<p class=\"read-more-container\"><a title=\"Boucles d&rsquo;oreilles libres &#8211; LAURENCE\" class=\"read-more button\" href=\"https:\/\/www.owiowi.be\/?product=boucles-doreilles-libres-laurence-2#more-10232\" aria-label=\"Plus sur Boucles d&rsquo;oreilles libres &#8211; LAURENCE\">Lire plus<\/a><\/p>\n","protected":false},"featured_media":10216,"comment_status":"open","ping_status":"closed","template":"","meta":[],"product_cat":[101,54],"product_tag":[110],"_links":{"self":[{"href":"https:\/\/www.owiowi.be\/index.php?rest_route=\/wp\/v2\/product\/10232"}],"collection":[{"href":"https:\/\/www.owiowi.be\/index.php?rest_route=\/wp\/v2\/product"}],"about":[{"href":"https:\/\/www.owiowi.be\/index.php?rest_route=\/wp\/v2\/types\/product"}],"replies":[{"embeddable":true,"href":"https:\/\/www.owiowi.be\/index.php?rest_route=%2Fwp%2Fv2%2Fcomments&post=10232"}],"wp:featuredmedia":[{"embeddable":true,"href":"https:\/\/www.owiowi.be\/index.php?rest_route=\/wp\/v2\/media\/10216"}],"wp:attachment":[{"href":"https:\/\/www.owiowi.be\/index.php?rest_route=%2Fwp%2Fv2%2Fmedia&parent=10232"}],"wp:term":[{"taxonomy":"product_cat","embeddable":true,"href":"https:\/\/www.owiowi.be\/index.php?rest_route=%2Fwp%2Fv2%2Fproduct_cat&post=10232"},{"taxonomy":"product_tag","embeddable":true,"href":"https:\/\/www.owiowi.be\/index.php?rest_route=%2Fwp%2Fv2%2Fproduct_tag&post=10232"}],"curies":[{"name":"wp","href":"https:\/\/api.w.org\/{rel}","templated":true}]}}