{"id":10239,"date":"2026-01-01T00:01:46","date_gmt":"2025-12-31T23:01:46","guid":{"rendered":"https:\/\/www.owiowi.be\/?post_type=product&#038;p=10239"},"modified":"2025-12-27T23:24:55","modified_gmt":"2025-12-27T22:24:55","slug":"boucles-doreilles-libres-6","status":"publish","type":"product","link":"https:\/\/www.owiowi.be\/?product=boucles-doreilles-libres-6","title":{"rendered":"Boucles d&rsquo;oreilles libres"},"content":{"rendered":"<p><strong>Caract\u00e9ristiques<\/strong><\/p>\n<ul>\n<li>Support et clou en m\u00e9tal<\/li>\n<li>Motif verni en p\u00e2te polym\u00e8re<\/li>\n<li>Couleur motif : bleu &#8211; gris &#8211; blanc<\/li>\n<li>Taille : 10 mm de diam\u00e8tre environ<\/li>\n<li>Bijou artisanal fait main<\/li>\n<li>Livr\u00e9 dans un emballage de protection<\/li>\n<\/ul>\n<p>Cette collection est disponible en \u00e9dition limit\u00e9e.<\/p>\n","protected":false},"excerpt":{"rendered":"<p>Caract\u00e9ristiques Support et clou en m\u00e9tal Motif verni en p\u00e2te polym\u00e8re Couleur motif : bleu &#8211; gris &#8211; blanc Taille : 10 mm de diam\u00e8tre environ Bijou artisanal fait main Livr\u00e9 dans un emballage de &#8230; <\/p>\n<p class=\"read-more-container\"><a title=\"Boucles d&rsquo;oreilles libres\" class=\"read-more button\" href=\"https:\/\/www.owiowi.be\/?product=boucles-doreilles-libres-6#more-10239\" aria-label=\"Plus sur Boucles d&rsquo;oreilles libres\">Lire plus<\/a><\/p>\n","protected":false},"featured_media":10223,"comment_status":"open","ping_status":"closed","template":"","meta":[],"product_cat":[101,54],"product_tag":[110],"_links":{"self":[{"href":"https:\/\/www.owiowi.be\/index.php?rest_route=\/wp\/v2\/product\/10239"}],"collection":[{"href":"https:\/\/www.owiowi.be\/index.php?rest_route=\/wp\/v2\/product"}],"about":[{"href":"https:\/\/www.owiowi.be\/index.php?rest_route=\/wp\/v2\/types\/product"}],"replies":[{"embeddable":true,"href":"https:\/\/www.owiowi.be\/index.php?rest_route=%2Fwp%2Fv2%2Fcomments&post=10239"}],"wp:featuredmedia":[{"embeddable":true,"href":"https:\/\/www.owiowi.be\/index.php?rest_route=\/wp\/v2\/media\/10223"}],"wp:attachment":[{"href":"https:\/\/www.owiowi.be\/index.php?rest_route=%2Fwp%2Fv2%2Fmedia&parent=10239"}],"wp:term":[{"taxonomy":"product_cat","embeddable":true,"href":"https:\/\/www.owiowi.be\/index.php?rest_route=%2Fwp%2Fv2%2Fproduct_cat&post=10239"},{"taxonomy":"product_tag","embeddable":true,"href":"https:\/\/www.owiowi.be\/index.php?rest_route=%2Fwp%2Fv2%2Fproduct_tag&post=10239"}],"curies":[{"name":"wp","href":"https:\/\/api.w.org\/{rel}","templated":true}]}}