{"id":10249,"date":"2026-01-01T00:01:14","date_gmt":"2025-12-31T23:01:14","guid":{"rendered":"https:\/\/www.owiowi.be\/?post_type=product&#038;p=10249"},"modified":"2025-12-27T23:41:39","modified_gmt":"2025-12-27T22:41:39","slug":"miyuki-4","status":"publish","type":"product","link":"https:\/\/www.owiowi.be\/?product=miyuki-4","title":{"rendered":"MIYUKI #4"},"content":{"rendered":"<p>Collection MIYUKI<\/p>\n<p><strong>Caract\u00e9ristiques<\/strong><\/p>\n<ul>\n<li>Bracelet<\/li>\n<li>Couleurs : dor\u00e9 &#8211; noir &#8211; blanc &#8211; bleu<\/li>\n<li>Livr\u00e9 dans un emballage de protection<\/li>\n<li>Les articles ne contiennent pas de nickel.<\/li>\n<\/ul>\n<p>&nbsp;<\/p>\n","protected":false},"excerpt":{"rendered":"<p>Collection MIYUKI Caract\u00e9ristiques Bracelet Couleurs : dor\u00e9 &#8211; noir &#8211; blanc &#8211; bleu Livr\u00e9 dans un emballage de protection Les articles ne contiennent pas de nickel. &nbsp;<\/p>\n","protected":false},"featured_media":10247,"comment_status":"open","ping_status":"closed","template":"","meta":[],"product_cat":[108,101,52],"product_tag":[109],"_links":{"self":[{"href":"https:\/\/www.owiowi.be\/index.php?rest_route=\/wp\/v2\/product\/10249"}],"collection":[{"href":"https:\/\/www.owiowi.be\/index.php?rest_route=\/wp\/v2\/product"}],"about":[{"href":"https:\/\/www.owiowi.be\/index.php?rest_route=\/wp\/v2\/types\/product"}],"replies":[{"embeddable":true,"href":"https:\/\/www.owiowi.be\/index.php?rest_route=%2Fwp%2Fv2%2Fcomments&post=10249"}],"wp:featuredmedia":[{"embeddable":true,"href":"https:\/\/www.owiowi.be\/index.php?rest_route=\/wp\/v2\/media\/10247"}],"wp:attachment":[{"href":"https:\/\/www.owiowi.be\/index.php?rest_route=%2Fwp%2Fv2%2Fmedia&parent=10249"}],"wp:term":[{"taxonomy":"product_cat","embeddable":true,"href":"https:\/\/www.owiowi.be\/index.php?rest_route=%2Fwp%2Fv2%2Fproduct_cat&post=10249"},{"taxonomy":"product_tag","embeddable":true,"href":"https:\/\/www.owiowi.be\/index.php?rest_route=%2Fwp%2Fv2%2Fproduct_tag&post=10249"}],"curies":[{"name":"wp","href":"https:\/\/api.w.org\/{rel}","templated":true}]}}