{"id":10254,"date":"2025-12-28T00:13:39","date_gmt":"2025-12-27T23:13:39","guid":{"rendered":"https:\/\/www.owiowi.be\/?post_type=product&#038;p=10254"},"modified":"2025-12-28T11:41:03","modified_gmt":"2025-12-28T10:41:03","slug":"sequin-s8","status":"publish","type":"product","link":"https:\/\/www.owiowi.be\/?product=sequin-s8","title":{"rendered":"SEQUIN #S8"},"content":{"rendered":"<p>Collection SEQUINS<\/p>\n<p><strong>Caract\u00e9ristiques<\/strong><\/p>\n<ul>\n<li>Fermoir en silicone<\/li>\n<li>Raccord(s) : dor\u00e9 mat<\/li>\n<li>Livr\u00e9 dans un emballage de protection<\/li>\n<li>Le mat\u00e9riel des articles en m\u00e9tal est un alliage sur base de cuivre, avec une fine couche color\u00e9e de caoutchouc dessus. Les articles ne contiennent pas de nickel.<\/li>\n<\/ul>\n","protected":false},"excerpt":{"rendered":"<p>Collection SEQUINS Caract\u00e9ristiques Fermoir en silicone Raccord(s) : dor\u00e9 mat Livr\u00e9 dans un emballage de protection Le mat\u00e9riel des articles en m\u00e9tal est un alliage sur base de cuivre, avec une fine couche color\u00e9e de &#8230; <\/p>\n<p class=\"read-more-container\"><a title=\"SEQUIN #S8\" class=\"read-more button\" href=\"https:\/\/www.owiowi.be\/?product=sequin-s8#more-10254\" aria-label=\"Plus sur SEQUIN #S8\">Lire plus<\/a><\/p>\n","protected":false},"featured_media":10253,"comment_status":"open","ping_status":"closed","template":"","meta":[],"product_cat":[101],"product_tag":[],"_links":{"self":[{"href":"https:\/\/www.owiowi.be\/index.php?rest_route=\/wp\/v2\/product\/10254"}],"collection":[{"href":"https:\/\/www.owiowi.be\/index.php?rest_route=\/wp\/v2\/product"}],"about":[{"href":"https:\/\/www.owiowi.be\/index.php?rest_route=\/wp\/v2\/types\/product"}],"replies":[{"embeddable":true,"href":"https:\/\/www.owiowi.be\/index.php?rest_route=%2Fwp%2Fv2%2Fcomments&post=10254"}],"wp:featuredmedia":[{"embeddable":true,"href":"https:\/\/www.owiowi.be\/index.php?rest_route=\/wp\/v2\/media\/10253"}],"wp:attachment":[{"href":"https:\/\/www.owiowi.be\/index.php?rest_route=%2Fwp%2Fv2%2Fmedia&parent=10254"}],"wp:term":[{"taxonomy":"product_cat","embeddable":true,"href":"https:\/\/www.owiowi.be\/index.php?rest_route=%2Fwp%2Fv2%2Fproduct_cat&post=10254"},{"taxonomy":"product_tag","embeddable":true,"href":"https:\/\/www.owiowi.be\/index.php?rest_route=%2Fwp%2Fv2%2Fproduct_tag&post=10254"}],"curies":[{"name":"wp","href":"https:\/\/api.w.org\/{rel}","templated":true}]}}