{"id":10298,"date":"2025-12-28T00:38:28","date_gmt":"2025-12-27T23:38:28","guid":{"rendered":"https:\/\/www.owiowi.be\/?post_type=product&#038;p=10298"},"modified":"2025-12-28T00:38:54","modified_gmt":"2025-12-27T23:38:54","slug":"hevea-destock14","status":"publish","type":"product","link":"https:\/\/www.owiowi.be\/?product=hevea-destock14","title":{"rendered":"H\u00e9v\u00e9a &#8211; d\u00e9stock14"},"content":{"rendered":"<p><strong>Caract\u00e9ristiques :<\/strong><\/p>\n<ul>\n<li>Collection HEVEA<\/li>\n<li>Support en m\u00e9tal recouvert d&rsquo;une peinture argent\u00e9e mat<\/li>\n<li>Couleur : noir &amp; argent\u00e9<\/li>\n<li>Livr\u00e9 dans un emballage de protection<\/li>\n<\/ul>\n<p>Le mat\u00e9riel utilis\u00e9 est en m\u00e9tal, un alliage sur base de cuivre recouvert d&rsquo;une fine couche de peinture et\/ou de caoutchouc.<\/p>\n<p>Il r\u00e9pond aux normes U.E. concernant les allergies. Il est sans nickel, sans plomb, sans cadmium.<\/p>\n","protected":false},"excerpt":{"rendered":"<p>Caract\u00e9ristiques : Collection HEVEA Support en m\u00e9tal recouvert d&rsquo;une peinture argent\u00e9e mat Couleur : noir &amp; argent\u00e9 Livr\u00e9 dans un emballage de protection Le mat\u00e9riel utilis\u00e9 est en m\u00e9tal, un alliage sur base de cuivre &#8230; <\/p>\n<p class=\"read-more-container\"><a title=\"H\u00e9v\u00e9a &#8211; d\u00e9stock14\" class=\"read-more button\" href=\"https:\/\/www.owiowi.be\/?product=hevea-destock14#more-10298\" aria-label=\"Plus sur H\u00e9v\u00e9a &#8211; d\u00e9stock14\">Lire plus<\/a><\/p>\n","protected":false},"featured_media":10291,"comment_status":"open","ping_status":"closed","template":"","meta":[],"product_cat":[101,93],"product_tag":[],"_links":{"self":[{"href":"https:\/\/www.owiowi.be\/index.php?rest_route=\/wp\/v2\/product\/10298"}],"collection":[{"href":"https:\/\/www.owiowi.be\/index.php?rest_route=\/wp\/v2\/product"}],"about":[{"href":"https:\/\/www.owiowi.be\/index.php?rest_route=\/wp\/v2\/types\/product"}],"replies":[{"embeddable":true,"href":"https:\/\/www.owiowi.be\/index.php?rest_route=%2Fwp%2Fv2%2Fcomments&post=10298"}],"wp:featuredmedia":[{"embeddable":true,"href":"https:\/\/www.owiowi.be\/index.php?rest_route=\/wp\/v2\/media\/10291"}],"wp:attachment":[{"href":"https:\/\/www.owiowi.be\/index.php?rest_route=%2Fwp%2Fv2%2Fmedia&parent=10298"}],"wp:term":[{"taxonomy":"product_cat","embeddable":true,"href":"https:\/\/www.owiowi.be\/index.php?rest_route=%2Fwp%2Fv2%2Fproduct_cat&post=10298"},{"taxonomy":"product_tag","embeddable":true,"href":"https:\/\/www.owiowi.be\/index.php?rest_route=%2Fwp%2Fv2%2Fproduct_tag&post=10298"}],"curies":[{"name":"wp","href":"https:\/\/api.w.org\/{rel}","templated":true}]}}