{"id":5142,"date":"2021-01-11T22:40:20","date_gmt":"2021-01-11T21:40:20","guid":{"rendered":"https:\/\/www.owiowi.be\/?post_type=product&#038;p=5142"},"modified":"2021-10-21T17:49:47","modified_gmt":"2021-10-21T15:49:47","slug":"boucles-doreilles-20mm-ambre","status":"publish","type":"product","link":"https:\/\/www.owiowi.be\/?product=boucles-doreilles-20mm-ambre","title":{"rendered":"Boucles d&rsquo;oreilles 20mm &#8211; AMBRE"},"content":{"rendered":"<p><strong>Caract\u00e9ristiques :<\/strong><\/p>\n<ul>\n<li>Collection AMBRE<\/li>\n<li>Support en m\u00e9tal, laiton<\/li>\n<li>Motif verni en p\u00e2te polym\u00e8re<\/li>\n<li>Couleur motif : gris\/orange<\/li>\n<li>Taille : 20 mm de diam\u00e8tre<\/li>\n<li>Bijou artisanal fait main<\/li>\n<li>Livr\u00e9 dans un emballage de protection<\/li>\n<\/ul>\n<p>Cette collection est disponible en \u00e9dition limit\u00e9e.<\/p>\n","protected":false},"excerpt":{"rendered":"<p>Caract\u00e9ristiques : Collection AMBRE Support en m\u00e9tal, laiton Motif verni en p\u00e2te polym\u00e8re Couleur motif : gris\/orange Taille : 20 mm de diam\u00e8tre Bijou artisanal fait main Livr\u00e9 dans un emballage de protection Cette collection &#8230; <\/p>\n<p class=\"read-more-container\"><a title=\"Boucles d&rsquo;oreilles 20mm &#8211; AMBRE\" class=\"read-more button\" href=\"https:\/\/www.owiowi.be\/?product=boucles-doreilles-20mm-ambre#more-5142\" aria-label=\"Plus sur Boucles d&rsquo;oreilles 20mm &#8211; AMBRE\">Lire plus<\/a><\/p>\n","protected":false},"featured_media":71,"comment_status":"open","ping_status":"closed","template":"","meta":[],"product_cat":[54],"product_tag":[61],"_links":{"self":[{"href":"https:\/\/www.owiowi.be\/index.php?rest_route=\/wp\/v2\/product\/5142"}],"collection":[{"href":"https:\/\/www.owiowi.be\/index.php?rest_route=\/wp\/v2\/product"}],"about":[{"href":"https:\/\/www.owiowi.be\/index.php?rest_route=\/wp\/v2\/types\/product"}],"replies":[{"embeddable":true,"href":"https:\/\/www.owiowi.be\/index.php?rest_route=%2Fwp%2Fv2%2Fcomments&post=5142"}],"wp:featuredmedia":[{"embeddable":true,"href":"https:\/\/www.owiowi.be\/index.php?rest_route=\/wp\/v2\/media\/71"}],"wp:attachment":[{"href":"https:\/\/www.owiowi.be\/index.php?rest_route=%2Fwp%2Fv2%2Fmedia&parent=5142"}],"wp:term":[{"taxonomy":"product_cat","embeddable":true,"href":"https:\/\/www.owiowi.be\/index.php?rest_route=%2Fwp%2Fv2%2Fproduct_cat&post=5142"},{"taxonomy":"product_tag","embeddable":true,"href":"https:\/\/www.owiowi.be\/index.php?rest_route=%2Fwp%2Fv2%2Fproduct_tag&post=5142"}],"curies":[{"name":"wp","href":"https:\/\/api.w.org\/{rel}","templated":true}]}}