{"id":5155,"date":"2021-01-12T09:31:36","date_gmt":"2021-01-12T08:31:36","guid":{"rendered":"https:\/\/www.owiowi.be\/?post_type=product&#038;p=5155"},"modified":"2022-03-06T20:45:57","modified_gmt":"2022-03-06T19:45:57","slug":"bague-15-mm-simon","status":"publish","type":"product","link":"https:\/\/www.owiowi.be\/?product=bague-15-mm-simon","title":{"rendered":"Bague 15mm &#8211; SIMON"},"content":{"rendered":"<p><strong>Caract\u00e9ristiques :<\/strong><\/p>\n<ul>\n<li>Collection SIMON<\/li>\n<li>Support en m\u00e9tal, zinc &#8211; r\u00e9glable avec plateau carr\u00e9<\/li>\n<li>Motif verni en p\u00e2te polym\u00e8re<\/li>\n<li>Couleur motif : vert<\/li>\n<li>Taille : 15 mm de c\u00f4t\u00e9<\/li>\n<li>Bijou artisanal fait main<\/li>\n<li>Livr\u00e9 dans un emballage de protection<\/li>\n<\/ul>\n<p>Cette collection est disponible en \u00e9dition limit\u00e9e.<\/p>\n","protected":false},"excerpt":{"rendered":"<p>Caract\u00e9ristiques : Collection SIMON Support en m\u00e9tal, zinc &#8211; r\u00e9glable avec plateau carr\u00e9 Motif verni en p\u00e2te polym\u00e8re Couleur motif : vert Taille : 15 mm de c\u00f4t\u00e9 Bijou artisanal fait main Livr\u00e9 dans un &#8230; <\/p>\n<p class=\"read-more-container\"><a title=\"Bague 15mm &#8211; SIMON\" class=\"read-more button\" href=\"https:\/\/www.owiowi.be\/?product=bague-15-mm-simon#more-5155\" aria-label=\"Plus sur Bague 15mm &#8211; SIMON\">Lire plus<\/a><\/p>\n","protected":false},"featured_media":147,"comment_status":"open","ping_status":"closed","template":"","meta":[],"product_cat":[57],"product_tag":[71],"_links":{"self":[{"href":"https:\/\/www.owiowi.be\/index.php?rest_route=\/wp\/v2\/product\/5155"}],"collection":[{"href":"https:\/\/www.owiowi.be\/index.php?rest_route=\/wp\/v2\/product"}],"about":[{"href":"https:\/\/www.owiowi.be\/index.php?rest_route=\/wp\/v2\/types\/product"}],"replies":[{"embeddable":true,"href":"https:\/\/www.owiowi.be\/index.php?rest_route=%2Fwp%2Fv2%2Fcomments&post=5155"}],"wp:featuredmedia":[{"embeddable":true,"href":"https:\/\/www.owiowi.be\/index.php?rest_route=\/wp\/v2\/media\/147"}],"wp:attachment":[{"href":"https:\/\/www.owiowi.be\/index.php?rest_route=%2Fwp%2Fv2%2Fmedia&parent=5155"}],"wp:term":[{"taxonomy":"product_cat","embeddable":true,"href":"https:\/\/www.owiowi.be\/index.php?rest_route=%2Fwp%2Fv2%2Fproduct_cat&post=5155"},{"taxonomy":"product_tag","embeddable":true,"href":"https:\/\/www.owiowi.be\/index.php?rest_route=%2Fwp%2Fv2%2Fproduct_tag&post=5155"}],"curies":[{"name":"wp","href":"https:\/\/api.w.org\/{rel}","templated":true}]}}