{"id":5201,"date":"2021-01-12T21:08:32","date_gmt":"2021-01-12T20:08:32","guid":{"rendered":"https:\/\/www.owiowi.be\/?post_type=product&#038;p=5201"},"modified":"2021-09-09T18:53:13","modified_gmt":"2021-09-09T16:53:13","slug":"bague-24mm-leo","status":"publish","type":"product","link":"https:\/\/www.owiowi.be\/?product=bague-24mm-leo","title":{"rendered":"Bague 24mm &#8211; LEO"},"content":{"rendered":"<p><strong>Caract\u00e9ristiques :<\/strong><\/p>\n<ul>\n<li>Collection LEO<\/li>\n<li>Support en m\u00e9tal, laiton &#8211; r\u00e9glable avec plateau rond<\/li>\n<li>Motif verni en p\u00e2te polym\u00e8re<\/li>\n<li>Couleur : bleu<\/li>\n<li>Taille : 24 mm de diam\u00e8tre<\/li>\n<li>Bijou artisanal fait main<\/li>\n<li>Livr\u00e9 dans un emballage de protection<\/li>\n<\/ul>\n<p>Cette collection est disponible en \u00e9dition limit\u00e9e.<\/p>\n","protected":false},"excerpt":{"rendered":"<p>Caract\u00e9ristiques : Collection LEO Support en m\u00e9tal, laiton &#8211; r\u00e9glable avec plateau rond Motif verni en p\u00e2te polym\u00e8re Couleur : bleu Taille : 24 mm de diam\u00e8tre Bijou artisanal fait main Livr\u00e9 dans un emballage &#8230; <\/p>\n<p class=\"read-more-container\"><a title=\"Bague 24mm &#8211; LEO\" class=\"read-more button\" href=\"https:\/\/www.owiowi.be\/?product=bague-24mm-leo#more-5201\" aria-label=\"Plus sur Bague 24mm &#8211; LEO\">Lire plus<\/a><\/p>\n","protected":false},"featured_media":5185,"comment_status":"open","ping_status":"closed","template":"","meta":[],"product_cat":[57],"product_tag":[65],"_links":{"self":[{"href":"https:\/\/www.owiowi.be\/index.php?rest_route=\/wp\/v2\/product\/5201"}],"collection":[{"href":"https:\/\/www.owiowi.be\/index.php?rest_route=\/wp\/v2\/product"}],"about":[{"href":"https:\/\/www.owiowi.be\/index.php?rest_route=\/wp\/v2\/types\/product"}],"replies":[{"embeddable":true,"href":"https:\/\/www.owiowi.be\/index.php?rest_route=%2Fwp%2Fv2%2Fcomments&post=5201"}],"wp:featuredmedia":[{"embeddable":true,"href":"https:\/\/www.owiowi.be\/index.php?rest_route=\/wp\/v2\/media\/5185"}],"wp:attachment":[{"href":"https:\/\/www.owiowi.be\/index.php?rest_route=%2Fwp%2Fv2%2Fmedia&parent=5201"}],"wp:term":[{"taxonomy":"product_cat","embeddable":true,"href":"https:\/\/www.owiowi.be\/index.php?rest_route=%2Fwp%2Fv2%2Fproduct_cat&post=5201"},{"taxonomy":"product_tag","embeddable":true,"href":"https:\/\/www.owiowi.be\/index.php?rest_route=%2Fwp%2Fv2%2Fproduct_tag&post=5201"}],"curies":[{"name":"wp","href":"https:\/\/api.w.org\/{rel}","templated":true}]}}