{"id":5358,"date":"2021-01-15T20:49:40","date_gmt":"2021-01-15T19:49:40","guid":{"rendered":"https:\/\/www.owiowi.be\/?post_type=product&#038;p=5358"},"modified":"2021-09-09T18:57:45","modified_gmt":"2021-09-09T16:57:45","slug":"boucles-doreilles-20mm-victor","status":"publish","type":"product","link":"https:\/\/www.owiowi.be\/?product=boucles-doreilles-20mm-victor","title":{"rendered":"Boucles d&rsquo;oreilles 20mm &#8211; VICTOR"},"content":{"rendered":"<p><strong>Caract\u00e9ristiques :<\/strong><\/p>\n<ul>\n<li>Collection VICTOR<\/li>\n<li>Support en m\u00e9tal, laiton<\/li>\n<li>Motif verni en p\u00e2te polym\u00e8re<\/li>\n<li>Couleur motif : noir\/argent\u00e9<\/li>\n<li>Taille : 20 mm de diam\u00e8tre<\/li>\n<li>Bijou artisanal fait main<\/li>\n<li>Livr\u00e9 dans un emballage de protection<\/li>\n<\/ul>\n<p>Cette collection est disponible en \u00e9dition limit\u00e9e.<\/p>\n","protected":false},"excerpt":{"rendered":"<p>Caract\u00e9ristiques : Collection VICTOR Support en m\u00e9tal, laiton Motif verni en p\u00e2te polym\u00e8re Couleur motif : noir\/argent\u00e9 Taille : 20 mm de diam\u00e8tre Bijou artisanal fait main Livr\u00e9 dans un emballage de protection Cette collection &#8230; <\/p>\n<p class=\"read-more-container\"><a title=\"Boucles d&rsquo;oreilles 20mm &#8211; VICTOR\" class=\"read-more button\" href=\"https:\/\/www.owiowi.be\/?product=boucles-doreilles-20mm-victor#more-5358\" aria-label=\"Plus sur Boucles d&rsquo;oreilles 20mm &#8211; VICTOR\">Lire plus<\/a><\/p>\n","protected":false},"featured_media":5347,"comment_status":"open","ping_status":"closed","template":"","meta":[],"product_cat":[54],"product_tag":[72],"_links":{"self":[{"href":"https:\/\/www.owiowi.be\/index.php?rest_route=\/wp\/v2\/product\/5358"}],"collection":[{"href":"https:\/\/www.owiowi.be\/index.php?rest_route=\/wp\/v2\/product"}],"about":[{"href":"https:\/\/www.owiowi.be\/index.php?rest_route=\/wp\/v2\/types\/product"}],"replies":[{"embeddable":true,"href":"https:\/\/www.owiowi.be\/index.php?rest_route=%2Fwp%2Fv2%2Fcomments&post=5358"}],"wp:featuredmedia":[{"embeddable":true,"href":"https:\/\/www.owiowi.be\/index.php?rest_route=\/wp\/v2\/media\/5347"}],"wp:attachment":[{"href":"https:\/\/www.owiowi.be\/index.php?rest_route=%2Fwp%2Fv2%2Fmedia&parent=5358"}],"wp:term":[{"taxonomy":"product_cat","embeddable":true,"href":"https:\/\/www.owiowi.be\/index.php?rest_route=%2Fwp%2Fv2%2Fproduct_cat&post=5358"},{"taxonomy":"product_tag","embeddable":true,"href":"https:\/\/www.owiowi.be\/index.php?rest_route=%2Fwp%2Fv2%2Fproduct_tag&post=5358"}],"curies":[{"name":"wp","href":"https:\/\/api.w.org\/{rel}","templated":true}]}}