{"id":5380,"date":"2021-01-15T22:22:07","date_gmt":"2021-01-15T21:22:07","guid":{"rendered":"https:\/\/www.owiowi.be\/?post_type=product&#038;p=5380"},"modified":"2021-09-09T19:00:03","modified_gmt":"2021-09-09T17:00:03","slug":"bague-24mm-ann","status":"publish","type":"product","link":"https:\/\/www.owiowi.be\/?product=bague-24mm-ann","title":{"rendered":"Bague 24mm &#8211; ANN"},"content":{"rendered":"<p><strong>Caract\u00e9ristiques :<\/strong><\/p>\n<ul>\n<li>Collection ANN<\/li>\n<li>Support en m\u00e9tal, laiton &#8211; r\u00e9glable avec plateau rond<\/li>\n<li>Motif verni en p\u00e2te polym\u00e8re<\/li>\n<li>Couleur motif : argent\u00e9\/blanc<\/li>\n<li>Taille : 24 mm de diam\u00e8tre<\/li>\n<li>Bijou artisanal fait main<\/li>\n<li>Livr\u00e9 dans un emballage de protection<\/li>\n<\/ul>\n<p>Cette collection est disponible en \u00e9dition limit\u00e9e.<\/p>\n","protected":false},"excerpt":{"rendered":"<p>Caract\u00e9ristiques : Collection ANN Support en m\u00e9tal, laiton &#8211; r\u00e9glable avec plateau rond Motif verni en p\u00e2te polym\u00e8re Couleur motif : argent\u00e9\/blanc Taille : 24 mm de diam\u00e8tre Bijou artisanal fait main Livr\u00e9 dans un &#8230; <\/p>\n<p class=\"read-more-container\"><a title=\"Bague 24mm &#8211; ANN\" class=\"read-more button\" href=\"https:\/\/www.owiowi.be\/?product=bague-24mm-ann#more-5380\" aria-label=\"Plus sur Bague 24mm &#8211; ANN\">Lire plus<\/a><\/p>\n","protected":false},"featured_media":5369,"comment_status":"open","ping_status":"closed","template":"","meta":[],"product_cat":[57],"product_tag":[62],"_links":{"self":[{"href":"https:\/\/www.owiowi.be\/index.php?rest_route=\/wp\/v2\/product\/5380"}],"collection":[{"href":"https:\/\/www.owiowi.be\/index.php?rest_route=\/wp\/v2\/product"}],"about":[{"href":"https:\/\/www.owiowi.be\/index.php?rest_route=\/wp\/v2\/types\/product"}],"replies":[{"embeddable":true,"href":"https:\/\/www.owiowi.be\/index.php?rest_route=%2Fwp%2Fv2%2Fcomments&post=5380"}],"wp:featuredmedia":[{"embeddable":true,"href":"https:\/\/www.owiowi.be\/index.php?rest_route=\/wp\/v2\/media\/5369"}],"wp:attachment":[{"href":"https:\/\/www.owiowi.be\/index.php?rest_route=%2Fwp%2Fv2%2Fmedia&parent=5380"}],"wp:term":[{"taxonomy":"product_cat","embeddable":true,"href":"https:\/\/www.owiowi.be\/index.php?rest_route=%2Fwp%2Fv2%2Fproduct_cat&post=5380"},{"taxonomy":"product_tag","embeddable":true,"href":"https:\/\/www.owiowi.be\/index.php?rest_route=%2Fwp%2Fv2%2Fproduct_tag&post=5380"}],"curies":[{"name":"wp","href":"https:\/\/api.w.org\/{rel}","templated":true}]}}