{"id":6136,"date":"2021-10-30T22:53:36","date_gmt":"2021-10-30T20:53:36","guid":{"rendered":"https:\/\/www.owiowi.be\/?post_type=product&#038;p=6136"},"modified":"2021-12-02T14:33:39","modified_gmt":"2021-12-02T13:33:39","slug":"bague-24mm-zia-1","status":"publish","type":"product","link":"https:\/\/www.owiowi.be\/?product=bague-24mm-zia-1","title":{"rendered":"Bague 24mm &#8211; ZIA (1)"},"content":{"rendered":"<p><strong>Caract\u00e9ristiques :<\/strong><\/p>\n<ul>\n<li>Collection ZIA (1 &#8211; Grand format)<\/li>\n<li>Support en m\u00e9tal, laiton &#8211; r\u00e9glable avec plateau rond<\/li>\n<li>Motif verni en p\u00e2te polym\u00e8re<\/li>\n<li>Couleur motif : bleu ciel &#8211; mauve &#8211; rose &#8211; jaune &#8211; vert<\/li>\n<li>Taille : 24 mm de diam\u00e8tre<\/li>\n<li>Bijou artisanal fait main<\/li>\n<li>Livr\u00e9 dans un emballage de protection<\/li>\n<\/ul>\n<p>Cette collection est disponible en \u00e9dition limit\u00e9e.<\/p>\n","protected":false},"excerpt":{"rendered":"<p>Caract\u00e9ristiques : Collection ZIA (1 &#8211; Grand format) Support en m\u00e9tal, laiton &#8211; r\u00e9glable avec plateau rond Motif verni en p\u00e2te polym\u00e8re Couleur motif : bleu ciel &#8211; mauve &#8211; rose &#8211; jaune &#8211; vert &#8230; <\/p>\n<p class=\"read-more-container\"><a title=\"Bague 24mm &#8211; ZIA (1)\" class=\"read-more button\" href=\"https:\/\/www.owiowi.be\/?product=bague-24mm-zia-1#more-6136\" aria-label=\"Plus sur Bague 24mm &#8211; ZIA (1)\">Lire plus<\/a><\/p>\n","protected":false},"featured_media":6140,"comment_status":"open","ping_status":"closed","template":"","meta":[],"product_cat":[57],"product_tag":[76],"_links":{"self":[{"href":"https:\/\/www.owiowi.be\/index.php?rest_route=\/wp\/v2\/product\/6136"}],"collection":[{"href":"https:\/\/www.owiowi.be\/index.php?rest_route=\/wp\/v2\/product"}],"about":[{"href":"https:\/\/www.owiowi.be\/index.php?rest_route=\/wp\/v2\/types\/product"}],"replies":[{"embeddable":true,"href":"https:\/\/www.owiowi.be\/index.php?rest_route=%2Fwp%2Fv2%2Fcomments&post=6136"}],"wp:featuredmedia":[{"embeddable":true,"href":"https:\/\/www.owiowi.be\/index.php?rest_route=\/wp\/v2\/media\/6140"}],"wp:attachment":[{"href":"https:\/\/www.owiowi.be\/index.php?rest_route=%2Fwp%2Fv2%2Fmedia&parent=6136"}],"wp:term":[{"taxonomy":"product_cat","embeddable":true,"href":"https:\/\/www.owiowi.be\/index.php?rest_route=%2Fwp%2Fv2%2Fproduct_cat&post=6136"},{"taxonomy":"product_tag","embeddable":true,"href":"https:\/\/www.owiowi.be\/index.php?rest_route=%2Fwp%2Fv2%2Fproduct_tag&post=6136"}],"curies":[{"name":"wp","href":"https:\/\/api.w.org\/{rel}","templated":true}]}}