{"id":6156,"date":"2021-10-30T23:36:08","date_gmt":"2021-10-30T21:36:08","guid":{"rendered":"https:\/\/www.owiowi.be\/?post_type=product&#038;p=6156"},"modified":"2023-04-26T19:07:53","modified_gmt":"2023-04-26T17:07:53","slug":"boucles-doreilles-harpon-15mm-zia-2","status":"publish","type":"product","link":"https:\/\/www.owiowi.be\/?product=boucles-doreilles-harpon-15mm-zia-2","title":{"rendered":"Boucles d&rsquo;oreilles harpon 15mm &#8211; ZIA (2)"},"content":{"rendered":"<p><strong>Caract\u00e9ristiques :<\/strong><\/p>\n<ul>\n<li>Collection ZIA (2 &#8211; Petit format)<\/li>\n<li>Support en m\u00e9tal, laiton<\/li>\n<li>Motif verni en p\u00e2te polym\u00e8re<\/li>\n<li>Couleur motif : bleu ciel &#8211; mauve &#8211; rose &#8211; jaune &#8211; vert<\/li>\n<li>Taille : 15 mm de diam\u00e8tre<\/li>\n<li>Bijou artisanal fait main<\/li>\n<li>Livr\u00e9 dans un emballage de protection<\/li>\n<\/ul>\n<p>Cette collection est disponible en \u00e9dition limit\u00e9e.<\/p>\n","protected":false},"excerpt":{"rendered":"<p>Caract\u00e9ristiques : Collection ZIA (2 &#8211; Petit format) Support en m\u00e9tal, laiton Motif verni en p\u00e2te polym\u00e8re Couleur motif : bleu ciel &#8211; mauve &#8211; rose &#8211; jaune &#8211; vert Taille : 15 mm de &#8230; <\/p>\n<p class=\"read-more-container\"><a title=\"Boucles d&rsquo;oreilles harpon 15mm &#8211; ZIA (2)\" class=\"read-more button\" href=\"https:\/\/www.owiowi.be\/?product=boucles-doreilles-harpon-15mm-zia-2#more-6156\" aria-label=\"Plus sur Boucles d&rsquo;oreilles harpon 15mm &#8211; ZIA (2)\">Lire plus<\/a><\/p>\n","protected":false},"featured_media":6172,"comment_status":"open","ping_status":"closed","template":"","meta":[],"product_cat":[54],"product_tag":[77],"_links":{"self":[{"href":"https:\/\/www.owiowi.be\/index.php?rest_route=\/wp\/v2\/product\/6156"}],"collection":[{"href":"https:\/\/www.owiowi.be\/index.php?rest_route=\/wp\/v2\/product"}],"about":[{"href":"https:\/\/www.owiowi.be\/index.php?rest_route=\/wp\/v2\/types\/product"}],"replies":[{"embeddable":true,"href":"https:\/\/www.owiowi.be\/index.php?rest_route=%2Fwp%2Fv2%2Fcomments&post=6156"}],"wp:featuredmedia":[{"embeddable":true,"href":"https:\/\/www.owiowi.be\/index.php?rest_route=\/wp\/v2\/media\/6172"}],"wp:attachment":[{"href":"https:\/\/www.owiowi.be\/index.php?rest_route=%2Fwp%2Fv2%2Fmedia&parent=6156"}],"wp:term":[{"taxonomy":"product_cat","embeddable":true,"href":"https:\/\/www.owiowi.be\/index.php?rest_route=%2Fwp%2Fv2%2Fproduct_cat&post=6156"},{"taxonomy":"product_tag","embeddable":true,"href":"https:\/\/www.owiowi.be\/index.php?rest_route=%2Fwp%2Fv2%2Fproduct_tag&post=6156"}],"curies":[{"name":"wp","href":"https:\/\/api.w.org\/{rel}","templated":true}]}}