{"id":6296,"date":"2021-11-03T22:29:14","date_gmt":"2021-11-03T21:29:14","guid":{"rendered":"https:\/\/www.owiowi.be\/?post_type=product&#038;p=6296"},"modified":"2025-12-26T21:56:29","modified_gmt":"2025-12-26T20:56:29","slug":"bague-15mm-mowgli-2","status":"publish","type":"product","link":"https:\/\/www.owiowi.be\/?product=bague-15mm-mowgli-2","title":{"rendered":"Bague 15mm &#8211; MOWGLI (2)"},"content":{"rendered":"<p><strong>Caract\u00e9ristiques :<\/strong><\/p>\n<ul>\n<li>Collection MOWGLI (2 &#8211; Petit motif)<\/li>\n<li>Support en m\u00e9tal, laiton &#8211; r\u00e9glable avec plateau rond<\/li>\n<li>Motif verni en p\u00e2te polym\u00e8re<\/li>\n<li>Couleur motif : jaune &#8211; rouge &#8211; caramel<\/li>\n<li>Taille : 15 mm de diam\u00e8tre<\/li>\n<li>Bijou artisanal fait main<\/li>\n<li>Livr\u00e9 dans un emballage de protection<\/li>\n<\/ul>\n<p>Cette collection est disponible en \u00e9dition limit\u00e9e.<\/p>\n","protected":false},"excerpt":{"rendered":"<p>Caract\u00e9ristiques : Collection MOWGLI (2 &#8211; Petit motif) Support en m\u00e9tal, laiton &#8211; r\u00e9glable avec plateau rond Motif verni en p\u00e2te polym\u00e8re Couleur motif : jaune &#8211; rouge &#8211; caramel Taille : 15 mm de &#8230; <\/p>\n<p class=\"read-more-container\"><a title=\"Bague 15mm &#8211; MOWGLI (2)\" class=\"read-more button\" href=\"https:\/\/www.owiowi.be\/?product=bague-15mm-mowgli-2#more-6296\" aria-label=\"Plus sur Bague 15mm &#8211; MOWGLI (2)\">Lire plus<\/a><\/p>\n","protected":false},"featured_media":6298,"comment_status":"open","ping_status":"closed","template":"","meta":[],"product_cat":[101,57],"product_tag":[75,82],"_links":{"self":[{"href":"https:\/\/www.owiowi.be\/index.php?rest_route=\/wp\/v2\/product\/6296"}],"collection":[{"href":"https:\/\/www.owiowi.be\/index.php?rest_route=\/wp\/v2\/product"}],"about":[{"href":"https:\/\/www.owiowi.be\/index.php?rest_route=\/wp\/v2\/types\/product"}],"replies":[{"embeddable":true,"href":"https:\/\/www.owiowi.be\/index.php?rest_route=%2Fwp%2Fv2%2Fcomments&post=6296"}],"wp:featuredmedia":[{"embeddable":true,"href":"https:\/\/www.owiowi.be\/index.php?rest_route=\/wp\/v2\/media\/6298"}],"wp:attachment":[{"href":"https:\/\/www.owiowi.be\/index.php?rest_route=%2Fwp%2Fv2%2Fmedia&parent=6296"}],"wp:term":[{"taxonomy":"product_cat","embeddable":true,"href":"https:\/\/www.owiowi.be\/index.php?rest_route=%2Fwp%2Fv2%2Fproduct_cat&post=6296"},{"taxonomy":"product_tag","embeddable":true,"href":"https:\/\/www.owiowi.be\/index.php?rest_route=%2Fwp%2Fv2%2Fproduct_tag&post=6296"}],"curies":[{"name":"wp","href":"https:\/\/api.w.org\/{rel}","templated":true}]}}