{"id":6327,"date":"2021-11-03T23:34:49","date_gmt":"2021-11-03T22:34:49","guid":{"rendered":"https:\/\/www.owiowi.be\/?post_type=product&#038;p=6327"},"modified":"2023-04-26T19:06:58","modified_gmt":"2023-04-26T17:06:58","slug":"boucles-doreilles-harpon-24mm-lucas-2","status":"publish","type":"product","link":"https:\/\/www.owiowi.be\/?product=boucles-doreilles-harpon-24mm-lucas-2","title":{"rendered":"Boucles d&rsquo;oreilles harpon 24mm &#8211; LUCAS (2)"},"content":{"rendered":"<p><strong>Caract\u00e9ristiques :<\/strong><\/p>\n<ul>\n<li>Collection LUCAS (2 &#8211; Petit motif)<\/li>\n<li>Support en m\u00e9tal, laiton<\/li>\n<li>Motif verni en p\u00e2te polym\u00e8re<\/li>\n<li>Couleur motif : bleu &#8211; gris &#8211; rouge<\/li>\n<li>Taille : 24 mm de diam\u00e8tre<\/li>\n<li>Bijou artisanal fait main<\/li>\n<li>Livr\u00e9 dans un emballage de protection<\/li>\n<\/ul>\n<p>Cette collection est disponible en \u00e9dition limit\u00e9e.<\/p>\n","protected":false},"excerpt":{"rendered":"<p>Caract\u00e9ristiques : Collection LUCAS (2 &#8211; Petit motif) Support en m\u00e9tal, laiton Motif verni en p\u00e2te polym\u00e8re Couleur motif : bleu &#8211; gris &#8211; rouge Taille : 24 mm de diam\u00e8tre Bijou artisanal fait main &#8230; <\/p>\n<p class=\"read-more-container\"><a title=\"Boucles d&rsquo;oreilles harpon 24mm &#8211; LUCAS (2)\" class=\"read-more button\" href=\"https:\/\/www.owiowi.be\/?product=boucles-doreilles-harpon-24mm-lucas-2#more-6327\" aria-label=\"Plus sur Boucles d&rsquo;oreilles harpon 24mm &#8211; LUCAS (2)\">Lire plus<\/a><\/p>\n","protected":false},"featured_media":6336,"comment_status":"open","ping_status":"closed","template":"","meta":[],"product_cat":[54],"product_tag":[83],"_links":{"self":[{"href":"https:\/\/www.owiowi.be\/index.php?rest_route=\/wp\/v2\/product\/6327"}],"collection":[{"href":"https:\/\/www.owiowi.be\/index.php?rest_route=\/wp\/v2\/product"}],"about":[{"href":"https:\/\/www.owiowi.be\/index.php?rest_route=\/wp\/v2\/types\/product"}],"replies":[{"embeddable":true,"href":"https:\/\/www.owiowi.be\/index.php?rest_route=%2Fwp%2Fv2%2Fcomments&post=6327"}],"wp:featuredmedia":[{"embeddable":true,"href":"https:\/\/www.owiowi.be\/index.php?rest_route=\/wp\/v2\/media\/6336"}],"wp:attachment":[{"href":"https:\/\/www.owiowi.be\/index.php?rest_route=%2Fwp%2Fv2%2Fmedia&parent=6327"}],"wp:term":[{"taxonomy":"product_cat","embeddable":true,"href":"https:\/\/www.owiowi.be\/index.php?rest_route=%2Fwp%2Fv2%2Fproduct_cat&post=6327"},{"taxonomy":"product_tag","embeddable":true,"href":"https:\/\/www.owiowi.be\/index.php?rest_route=%2Fwp%2Fv2%2Fproduct_tag&post=6327"}],"curies":[{"name":"wp","href":"https:\/\/api.w.org\/{rel}","templated":true}]}}