{"id":6352,"date":"2021-11-04T00:29:49","date_gmt":"2021-11-03T23:29:49","guid":{"rendered":"https:\/\/www.owiowi.be\/?post_type=product&#038;p=6352"},"modified":"2021-11-07T17:44:37","modified_gmt":"2021-11-07T16:44:37","slug":"boucles-doreilles-15mm-lucas-1","status":"publish","type":"product","link":"https:\/\/www.owiowi.be\/?product=boucles-doreilles-15mm-lucas-1","title":{"rendered":"Boucles d&rsquo;oreilles 15mm &#8211; LUCAS (1)"},"content":{"rendered":"<p><strong>Caract\u00e9ristiques :<\/strong><\/p>\n<ul>\n<li>Collection LUCAS (1 &#8211; Grand motif)<\/li>\n<li>Support en m\u00e9tal, laiton<\/li>\n<li>Motif verni en p\u00e2te polym\u00e8re<\/li>\n<li>Couleur motif : bleu &#8211; gris &#8211; rouge<\/li>\n<li>Taille : 15 mm de diam\u00e8tre<\/li>\n<li>Bijou artisanal fait main<\/li>\n<li>Livr\u00e9 dans un emballage de protection<\/li>\n<\/ul>\n<p>Cette collection est disponible en \u00e9dition limit\u00e9e.<\/p>\n","protected":false},"excerpt":{"rendered":"<p>Caract\u00e9ristiques : Collection LUCAS (1 &#8211; Grand motif) Support en m\u00e9tal, laiton Motif verni en p\u00e2te polym\u00e8re Couleur motif : bleu &#8211; gris &#8211; rouge Taille : 15 mm de diam\u00e8tre Bijou artisanal fait main &#8230; <\/p>\n<p class=\"read-more-container\"><a title=\"Boucles d&rsquo;oreilles 15mm &#8211; LUCAS (1)\" class=\"read-more button\" href=\"https:\/\/www.owiowi.be\/?product=boucles-doreilles-15mm-lucas-1#more-6352\" aria-label=\"Plus sur Boucles d&rsquo;oreilles 15mm &#8211; LUCAS (1)\">Lire plus<\/a><\/p>\n","protected":false},"featured_media":6365,"comment_status":"open","ping_status":"closed","template":"","meta":[],"product_cat":[54],"product_tag":[84,83],"_links":{"self":[{"href":"https:\/\/www.owiowi.be\/index.php?rest_route=\/wp\/v2\/product\/6352"}],"collection":[{"href":"https:\/\/www.owiowi.be\/index.php?rest_route=\/wp\/v2\/product"}],"about":[{"href":"https:\/\/www.owiowi.be\/index.php?rest_route=\/wp\/v2\/types\/product"}],"replies":[{"embeddable":true,"href":"https:\/\/www.owiowi.be\/index.php?rest_route=%2Fwp%2Fv2%2Fcomments&post=6352"}],"wp:featuredmedia":[{"embeddable":true,"href":"https:\/\/www.owiowi.be\/index.php?rest_route=\/wp\/v2\/media\/6365"}],"wp:attachment":[{"href":"https:\/\/www.owiowi.be\/index.php?rest_route=%2Fwp%2Fv2%2Fmedia&parent=6352"}],"wp:term":[{"taxonomy":"product_cat","embeddable":true,"href":"https:\/\/www.owiowi.be\/index.php?rest_route=%2Fwp%2Fv2%2Fproduct_cat&post=6352"},{"taxonomy":"product_tag","embeddable":true,"href":"https:\/\/www.owiowi.be\/index.php?rest_route=%2Fwp%2Fv2%2Fproduct_tag&post=6352"}],"curies":[{"name":"wp","href":"https:\/\/api.w.org\/{rel}","templated":true}]}}