{"id":6682,"date":"2022-05-25T08:00:04","date_gmt":"2022-05-25T06:00:04","guid":{"rendered":"https:\/\/www.owiowi.be\/?post_type=product&#038;p=6682"},"modified":"2024-08-18T15:49:12","modified_gmt":"2024-08-18T13:49:12","slug":"boucles-doreilles-avec-tige-15mm-capucine-1","status":"publish","type":"product","link":"https:\/\/www.owiowi.be\/?product=boucles-doreilles-avec-tige-15mm-capucine-1","title":{"rendered":"Boucles d&rsquo;oreilles avec tige 15mm &#8211; CAPUCINE (1)"},"content":{"rendered":"<p><strong>Caract\u00e9ristiques :<\/strong><\/p>\n<ul>\n<li>Collection CAPUCINE (1 &#8211; Petit motif)<\/li>\n<li>Support avec tige en m\u00e9tal, laiton<\/li>\n<li>Motif verni en p\u00e2te polym\u00e8re<\/li>\n<li>Couleur motif : vert et blanc<\/li>\n<li>Taille : 15 mm de diam\u00e8tre<\/li>\n<li>Bijou artisanal fait main<\/li>\n<li>Livr\u00e9 dans un emballage de protection<\/li>\n<\/ul>\n<p>Cette collection est disponible en \u00e9dition limit\u00e9e.<\/p>\n","protected":false},"excerpt":{"rendered":"<p>Caract\u00e9ristiques : Collection CAPUCINE (1 &#8211; Petit motif) Support avec tige en m\u00e9tal, laiton Motif verni en p\u00e2te polym\u00e8re Couleur motif : vert et blanc Taille : 15 mm de diam\u00e8tre Bijou artisanal fait main &#8230; <\/p>\n<p class=\"read-more-container\"><a title=\"Boucles d&rsquo;oreilles avec tige 15mm &#8211; CAPUCINE (1)\" class=\"read-more button\" href=\"https:\/\/www.owiowi.be\/?product=boucles-doreilles-avec-tige-15mm-capucine-1#more-6682\" aria-label=\"Plus sur Boucles d&rsquo;oreilles avec tige 15mm &#8211; CAPUCINE (1)\">Lire plus<\/a><\/p>\n","protected":false},"featured_media":9914,"comment_status":"open","ping_status":"closed","template":"","meta":[],"product_cat":[101,54],"product_tag":[90,91,92],"_links":{"self":[{"href":"https:\/\/www.owiowi.be\/index.php?rest_route=\/wp\/v2\/product\/6682"}],"collection":[{"href":"https:\/\/www.owiowi.be\/index.php?rest_route=\/wp\/v2\/product"}],"about":[{"href":"https:\/\/www.owiowi.be\/index.php?rest_route=\/wp\/v2\/types\/product"}],"replies":[{"embeddable":true,"href":"https:\/\/www.owiowi.be\/index.php?rest_route=%2Fwp%2Fv2%2Fcomments&post=6682"}],"wp:featuredmedia":[{"embeddable":true,"href":"https:\/\/www.owiowi.be\/index.php?rest_route=\/wp\/v2\/media\/9914"}],"wp:attachment":[{"href":"https:\/\/www.owiowi.be\/index.php?rest_route=%2Fwp%2Fv2%2Fmedia&parent=6682"}],"wp:term":[{"taxonomy":"product_cat","embeddable":true,"href":"https:\/\/www.owiowi.be\/index.php?rest_route=%2Fwp%2Fv2%2Fproduct_cat&post=6682"},{"taxonomy":"product_tag","embeddable":true,"href":"https:\/\/www.owiowi.be\/index.php?rest_route=%2Fwp%2Fv2%2Fproduct_tag&post=6682"}],"curies":[{"name":"wp","href":"https:\/\/api.w.org\/{rel}","templated":true}]}}