{"id":7139,"date":"2022-12-25T11:45:53","date_gmt":"2022-12-25T10:45:53","guid":{"rendered":"https:\/\/www.owiowi.be\/?post_type=product&#038;p=7139"},"modified":"2025-12-21T23:05:31","modified_gmt":"2025-12-21T22:05:31","slug":"boucles-doreilles-libres-4","status":"publish","type":"product","link":"https:\/\/www.owiowi.be\/?product=boucles-doreilles-libres-4","title":{"rendered":"Boucles d&rsquo;oreilles libres"},"content":{"rendered":"<p><strong>Caract\u00e9ristiques :<\/strong><\/p>\n<ul>\n<li>Support en dor\u00e9 mat<\/li>\n<li>Motif verni en p\u00e2te polym\u00e8re<\/li>\n<li>Couleur motif : dor\u00e9<\/li>\n<li>Taille : 7 mm<\/li>\n<li>Bijou artisanal fait main<\/li>\n<li>Livr\u00e9 dans un emballage de protection<\/li>\n<\/ul>\n<p>Cette collection est disponible en \u00e9dition limit\u00e9e.<\/p>\n","protected":false},"excerpt":{"rendered":"<p>Caract\u00e9ristiques : Support en dor\u00e9 mat Motif verni en p\u00e2te polym\u00e8re Couleur motif : dor\u00e9 Taille : 7 mm Bijou artisanal fait main Livr\u00e9 dans un emballage de protection Cette collection est disponible en \u00e9dition &#8230; <\/p>\n<p class=\"read-more-container\"><a title=\"Boucles d&rsquo;oreilles libres\" class=\"read-more button\" href=\"https:\/\/www.owiowi.be\/?product=boucles-doreilles-libres-4#more-7139\" aria-label=\"Plus sur Boucles d&rsquo;oreilles libres\">Lire plus<\/a><\/p>\n","protected":false},"featured_media":7128,"comment_status":"open","ping_status":"closed","template":"","meta":[],"product_cat":[101,54],"product_tag":[],"_links":{"self":[{"href":"https:\/\/www.owiowi.be\/index.php?rest_route=\/wp\/v2\/product\/7139"}],"collection":[{"href":"https:\/\/www.owiowi.be\/index.php?rest_route=\/wp\/v2\/product"}],"about":[{"href":"https:\/\/www.owiowi.be\/index.php?rest_route=\/wp\/v2\/types\/product"}],"replies":[{"embeddable":true,"href":"https:\/\/www.owiowi.be\/index.php?rest_route=%2Fwp%2Fv2%2Fcomments&post=7139"}],"wp:featuredmedia":[{"embeddable":true,"href":"https:\/\/www.owiowi.be\/index.php?rest_route=\/wp\/v2\/media\/7128"}],"wp:attachment":[{"href":"https:\/\/www.owiowi.be\/index.php?rest_route=%2Fwp%2Fv2%2Fmedia&parent=7139"}],"wp:term":[{"taxonomy":"product_cat","embeddable":true,"href":"https:\/\/www.owiowi.be\/index.php?rest_route=%2Fwp%2Fv2%2Fproduct_cat&post=7139"},{"taxonomy":"product_tag","embeddable":true,"href":"https:\/\/www.owiowi.be\/index.php?rest_route=%2Fwp%2Fv2%2Fproduct_tag&post=7139"}],"curies":[{"name":"wp","href":"https:\/\/api.w.org\/{rel}","templated":true}]}}