{"id":7450,"date":"2023-03-22T19:15:35","date_gmt":"2023-03-22T18:15:35","guid":{"rendered":"https:\/\/www.owiowi.be\/?post_type=product&#038;p=7450"},"modified":"2023-03-22T19:17:35","modified_gmt":"2023-03-22T18:17:35","slug":"bracelet-25mm-lucas","status":"publish","type":"product","link":"https:\/\/www.owiowi.be\/?product=bracelet-25mm-lucas","title":{"rendered":"Bracelet 25mm &#8211; LUCAS"},"content":{"rendered":"<p><strong>Caract\u00e9ristiques :<\/strong><\/p>\n<ul>\n<li>Collection LUCAS<\/li>\n<li>Support en m\u00e9tal &#8211; r\u00e9glable avec plateau rond<\/li>\n<li>Motif verni en p\u00e2te polym\u00e8re<\/li>\n<li>Taille : 25 mm de diam\u00e8tre<\/li>\n<li>Bijou artisanal fait main<\/li>\n<li>Livr\u00e9 dans un emballage de protection<\/li>\n<\/ul>\n<p>Cette collection est disponible en \u00e9dition limit\u00e9e.<\/p>\n","protected":false},"excerpt":{"rendered":"<p>Caract\u00e9ristiques : Collection LUCAS Support en m\u00e9tal &#8211; r\u00e9glable avec plateau rond Motif verni en p\u00e2te polym\u00e8re Taille : 25 mm de diam\u00e8tre Bijou artisanal fait main Livr\u00e9 dans un emballage de protection Cette collection &#8230; <\/p>\n<p class=\"read-more-container\"><a title=\"Bracelet 25mm &#8211; LUCAS\" class=\"read-more button\" href=\"https:\/\/www.owiowi.be\/?product=bracelet-25mm-lucas#more-7450\" aria-label=\"Plus sur Bracelet 25mm &#8211; LUCAS\">Lire plus<\/a><\/p>\n","protected":false},"featured_media":7413,"comment_status":"open","ping_status":"closed","template":"","meta":[],"product_cat":[101,52],"product_tag":[84],"_links":{"self":[{"href":"https:\/\/www.owiowi.be\/index.php?rest_route=\/wp\/v2\/product\/7450"}],"collection":[{"href":"https:\/\/www.owiowi.be\/index.php?rest_route=\/wp\/v2\/product"}],"about":[{"href":"https:\/\/www.owiowi.be\/index.php?rest_route=\/wp\/v2\/types\/product"}],"replies":[{"embeddable":true,"href":"https:\/\/www.owiowi.be\/index.php?rest_route=%2Fwp%2Fv2%2Fcomments&post=7450"}],"wp:featuredmedia":[{"embeddable":true,"href":"https:\/\/www.owiowi.be\/index.php?rest_route=\/wp\/v2\/media\/7413"}],"wp:attachment":[{"href":"https:\/\/www.owiowi.be\/index.php?rest_route=%2Fwp%2Fv2%2Fmedia&parent=7450"}],"wp:term":[{"taxonomy":"product_cat","embeddable":true,"href":"https:\/\/www.owiowi.be\/index.php?rest_route=%2Fwp%2Fv2%2Fproduct_cat&post=7450"},{"taxonomy":"product_tag","embeddable":true,"href":"https:\/\/www.owiowi.be\/index.php?rest_route=%2Fwp%2Fv2%2Fproduct_tag&post=7450"}],"curies":[{"name":"wp","href":"https:\/\/api.w.org\/{rel}","templated":true}]}}