{"id":7984,"date":"2023-06-19T10:30:00","date_gmt":"2023-06-19T08:30:00","guid":{"rendered":"https:\/\/www.owiowi.be\/?post_type=product&#038;p=7984"},"modified":"2025-12-28T11:42:23","modified_gmt":"2025-12-28T10:42:23","slug":"sequin-s15-copie","status":"publish","type":"product","link":"https:\/\/www.owiowi.be\/?product=sequin-s15-copie","title":{"rendered":"SEQUIN #S2"},"content":{"rendered":"<p>Collection SEQUINS<\/p>\n<p><strong>Caract\u00e9ristiques<\/strong><\/p>\n<ul>\n<li>Sequin \u00e9maill\u00e9 sur les deux faces sur une base en laiton brut<\/li>\n<li>Pi\u00e8ces en laiton et de couleur bronze<\/li>\n<li>Fermoir en silicone<\/li>\n<li>Couleur sequin : rouge<\/li>\n<\/ul>\n","protected":false},"excerpt":{"rendered":"<p>Collection SEQUINS Caract\u00e9ristiques Sequin \u00e9maill\u00e9 sur les deux faces sur une base en laiton brut Pi\u00e8ces en laiton et de couleur bronze Fermoir en silicone Couleur sequin : rouge<\/p>\n","protected":false},"featured_media":9897,"comment_status":"open","ping_status":"closed","template":"","meta":[],"product_cat":[101],"product_tag":[],"_links":{"self":[{"href":"https:\/\/www.owiowi.be\/index.php?rest_route=\/wp\/v2\/product\/7984"}],"collection":[{"href":"https:\/\/www.owiowi.be\/index.php?rest_route=\/wp\/v2\/product"}],"about":[{"href":"https:\/\/www.owiowi.be\/index.php?rest_route=\/wp\/v2\/types\/product"}],"replies":[{"embeddable":true,"href":"https:\/\/www.owiowi.be\/index.php?rest_route=%2Fwp%2Fv2%2Fcomments&post=7984"}],"wp:featuredmedia":[{"embeddable":true,"href":"https:\/\/www.owiowi.be\/index.php?rest_route=\/wp\/v2\/media\/9897"}],"wp:attachment":[{"href":"https:\/\/www.owiowi.be\/index.php?rest_route=%2Fwp%2Fv2%2Fmedia&parent=7984"}],"wp:term":[{"taxonomy":"product_cat","embeddable":true,"href":"https:\/\/www.owiowi.be\/index.php?rest_route=%2Fwp%2Fv2%2Fproduct_cat&post=7984"},{"taxonomy":"product_tag","embeddable":true,"href":"https:\/\/www.owiowi.be\/index.php?rest_route=%2Fwp%2Fv2%2Fproduct_tag&post=7984"}],"curies":[{"name":"wp","href":"https:\/\/api.w.org\/{rel}","templated":true}]}}