{"id":7996,"date":"2023-06-19T10:40:37","date_gmt":"2023-06-19T08:40:37","guid":{"rendered":"https:\/\/www.owiowi.be\/?post_type=product&#038;p=7996"},"modified":"2025-12-28T11:42:07","modified_gmt":"2025-12-28T10:42:07","slug":"sequin-s27","status":"publish","type":"product","link":"https:\/\/www.owiowi.be\/?product=sequin-s27","title":{"rendered":"SEQUIN #S3"},"content":{"rendered":"<p>Collection SEQUINS<\/p>\n<p><strong>Caract\u00e9ristiques<\/strong><\/p>\n<ul>\n<li>Sequin \u00e9maill\u00e9 sur les deux faces sur une base en laiton brut<\/li>\n<li>Pi\u00e8ces en laiton et de couleur argent<\/li>\n<li>Fermoir en silicone<\/li>\n<li>Couleur sequin : rose<\/li>\n<\/ul>\n","protected":false},"excerpt":{"rendered":"<p>Collection SEQUINS Caract\u00e9ristiques Sequin \u00e9maill\u00e9 sur les deux faces sur une base en laiton brut Pi\u00e8ces en laiton et de couleur argent Fermoir en silicone Couleur sequin : rose<\/p>\n","protected":false},"featured_media":9900,"comment_status":"open","ping_status":"closed","template":"","meta":[],"product_cat":[101],"product_tag":[],"_links":{"self":[{"href":"https:\/\/www.owiowi.be\/index.php?rest_route=\/wp\/v2\/product\/7996"}],"collection":[{"href":"https:\/\/www.owiowi.be\/index.php?rest_route=\/wp\/v2\/product"}],"about":[{"href":"https:\/\/www.owiowi.be\/index.php?rest_route=\/wp\/v2\/types\/product"}],"replies":[{"embeddable":true,"href":"https:\/\/www.owiowi.be\/index.php?rest_route=%2Fwp%2Fv2%2Fcomments&post=7996"}],"wp:featuredmedia":[{"embeddable":true,"href":"https:\/\/www.owiowi.be\/index.php?rest_route=\/wp\/v2\/media\/9900"}],"wp:attachment":[{"href":"https:\/\/www.owiowi.be\/index.php?rest_route=%2Fwp%2Fv2%2Fmedia&parent=7996"}],"wp:term":[{"taxonomy":"product_cat","embeddable":true,"href":"https:\/\/www.owiowi.be\/index.php?rest_route=%2Fwp%2Fv2%2Fproduct_cat&post=7996"},{"taxonomy":"product_tag","embeddable":true,"href":"https:\/\/www.owiowi.be\/index.php?rest_route=%2Fwp%2Fv2%2Fproduct_tag&post=7996"}],"curies":[{"name":"wp","href":"https:\/\/api.w.org\/{rel}","templated":true}]}}