{"id":8080,"date":"2023-06-19T12:11:43","date_gmt":"2023-06-19T10:11:43","guid":{"rendered":"https:\/\/www.owiowi.be\/?post_type=product&#038;p=8080"},"modified":"2023-06-19T12:12:06","modified_gmt":"2023-06-19T10:12:06","slug":"boucles-doreilles-12mm-noir-bleu","status":"publish","type":"product","link":"https:\/\/www.owiowi.be\/?product=boucles-doreilles-12mm-noir-bleu","title":{"rendered":"Boucles d&rsquo;oreilles 12mm &#8211; noir &#038; bleu"},"content":{"rendered":"<p><strong>Caract\u00e9ristiques :<\/strong><\/p>\n<ul>\n<li>Support en m\u00e9tal, laiton<\/li>\n<li>Motif verni en p\u00e2te polym\u00e8re<\/li>\n<li>Couleur motif : noir &#8211; bleu<\/li>\n<li>Taille : 12 mm de diam\u00e8tre<\/li>\n<li>Bijou artisanal fait main<\/li>\n<li>Livr\u00e9 dans un emballage de protection<\/li>\n<\/ul>\n<p>Cette collection est disponible en \u00e9dition limit\u00e9e.<\/p>\n","protected":false},"excerpt":{"rendered":"<p>Caract\u00e9ristiques : Support en m\u00e9tal, laiton Motif verni en p\u00e2te polym\u00e8re Couleur motif : noir &#8211; bleu Taille : 12 mm de diam\u00e8tre Bijou artisanal fait main Livr\u00e9 dans un emballage de protection Cette collection &#8230; <\/p>\n<p class=\"read-more-container\"><a title=\"Boucles d&rsquo;oreilles 12mm &#8211; noir &#038; bleu\" class=\"read-more button\" href=\"https:\/\/www.owiowi.be\/?product=boucles-doreilles-12mm-noir-bleu#more-8080\" aria-label=\"Plus sur Boucles d&rsquo;oreilles 12mm &#8211; noir &#038; bleu\">Lire plus<\/a><\/p>\n","protected":false},"featured_media":8077,"comment_status":"open","ping_status":"closed","template":"","meta":[],"product_cat":[54],"product_tag":[],"_links":{"self":[{"href":"https:\/\/www.owiowi.be\/index.php?rest_route=\/wp\/v2\/product\/8080"}],"collection":[{"href":"https:\/\/www.owiowi.be\/index.php?rest_route=\/wp\/v2\/product"}],"about":[{"href":"https:\/\/www.owiowi.be\/index.php?rest_route=\/wp\/v2\/types\/product"}],"replies":[{"embeddable":true,"href":"https:\/\/www.owiowi.be\/index.php?rest_route=%2Fwp%2Fv2%2Fcomments&post=8080"}],"wp:featuredmedia":[{"embeddable":true,"href":"https:\/\/www.owiowi.be\/index.php?rest_route=\/wp\/v2\/media\/8077"}],"wp:attachment":[{"href":"https:\/\/www.owiowi.be\/index.php?rest_route=%2Fwp%2Fv2%2Fmedia&parent=8080"}],"wp:term":[{"taxonomy":"product_cat","embeddable":true,"href":"https:\/\/www.owiowi.be\/index.php?rest_route=%2Fwp%2Fv2%2Fproduct_cat&post=8080"},{"taxonomy":"product_tag","embeddable":true,"href":"https:\/\/www.owiowi.be\/index.php?rest_route=%2Fwp%2Fv2%2Fproduct_tag&post=8080"}],"curies":[{"name":"wp","href":"https:\/\/api.w.org\/{rel}","templated":true}]}}