{"id":8905,"date":"2023-12-25T23:32:30","date_gmt":"2023-12-25T22:32:30","guid":{"rendered":"https:\/\/www.owiowi.be\/?post_type=product&#038;p=8905"},"modified":"2025-12-28T11:41:18","modified_gmt":"2025-12-28T10:41:18","slug":"sequin-s10","status":"publish","type":"product","link":"https:\/\/www.owiowi.be\/?product=sequin-s10","title":{"rendered":"SEQUIN #S6"},"content":{"rendered":"<p>Collection SEQUINS<\/p>\n<p><strong>Caract\u00e9ristiques<\/strong><\/p>\n<ul>\n<li>Sequin \u00e9maill\u00e9 sur les deux faces sur une base en laiton brut : vert<\/li>\n<li>Fermoir en silicone<\/li>\n<li>Raccord(s) : noir mat<\/li>\n<li>Livr\u00e9 dans un emballage de protection<\/li>\n<li>Le mat\u00e9riel des articles en m\u00e9tal est un alliage sur base de cuivre, avec une fine couche color\u00e9e de caoutchouc dessus. Les articles ne contiennent pas de nickel.<\/li>\n<\/ul>\n","protected":false},"excerpt":{"rendered":"<p>Collection SEQUINS Caract\u00e9ristiques Sequin \u00e9maill\u00e9 sur les deux faces sur une base en laiton brut : vert Fermoir en silicone Raccord(s) : noir mat Livr\u00e9 dans un emballage de protection Le mat\u00e9riel des articles en &#8230; <\/p>\n<p class=\"read-more-container\"><a title=\"SEQUIN #S6\" class=\"read-more button\" href=\"https:\/\/www.owiowi.be\/?product=sequin-s10#more-8905\" aria-label=\"Plus sur SEQUIN #S6\">Lire plus<\/a><\/p>\n","protected":false},"featured_media":9890,"comment_status":"open","ping_status":"closed","template":"","meta":[],"product_cat":[101],"product_tag":[],"_links":{"self":[{"href":"https:\/\/www.owiowi.be\/index.php?rest_route=\/wp\/v2\/product\/8905"}],"collection":[{"href":"https:\/\/www.owiowi.be\/index.php?rest_route=\/wp\/v2\/product"}],"about":[{"href":"https:\/\/www.owiowi.be\/index.php?rest_route=\/wp\/v2\/types\/product"}],"replies":[{"embeddable":true,"href":"https:\/\/www.owiowi.be\/index.php?rest_route=%2Fwp%2Fv2%2Fcomments&post=8905"}],"wp:featuredmedia":[{"embeddable":true,"href":"https:\/\/www.owiowi.be\/index.php?rest_route=\/wp\/v2\/media\/9890"}],"wp:attachment":[{"href":"https:\/\/www.owiowi.be\/index.php?rest_route=%2Fwp%2Fv2%2Fmedia&parent=8905"}],"wp:term":[{"taxonomy":"product_cat","embeddable":true,"href":"https:\/\/www.owiowi.be\/index.php?rest_route=%2Fwp%2Fv2%2Fproduct_cat&post=8905"},{"taxonomy":"product_tag","embeddable":true,"href":"https:\/\/www.owiowi.be\/index.php?rest_route=%2Fwp%2Fv2%2Fproduct_tag&post=8905"}],"curies":[{"name":"wp","href":"https:\/\/api.w.org\/{rel}","templated":true}]}}