{"id":8910,"date":"2023-12-25T23:40:15","date_gmt":"2023-12-25T22:40:15","guid":{"rendered":"https:\/\/www.owiowi.be\/?post_type=product&#038;p=8910"},"modified":"2025-12-27T23:33:13","modified_gmt":"2025-12-27T22:33:13","slug":"miyuki-3","status":"publish","type":"product","link":"https:\/\/www.owiowi.be\/?product=miyuki-3","title":{"rendered":"MIYUKI #3"},"content":{"rendered":"<p>Collection MIYUKI<\/p>\n<p><strong>Caract\u00e9ristiques<\/strong><\/p>\n<ul>\n<li>Couleurs : bleu gris &#8211; rouille &#8211; dor\u00e9<\/li>\n<li>Fermoir en silicone<\/li>\n<li>Raccord(s) : argent\u00e9<\/li>\n<li>Livr\u00e9 dans un emballage de protection<\/li>\n<li>Les articles ne contiennent pas de nickel.<\/li>\n<\/ul>\n<p>&nbsp;<\/p>\n","protected":false},"excerpt":{"rendered":"<p>Collection MIYUKI Caract\u00e9ristiques Couleurs : bleu gris &#8211; rouille &#8211; dor\u00e9 Fermoir en silicone Raccord(s) : argent\u00e9 Livr\u00e9 dans un emballage de protection Les articles ne contiennent pas de nickel. &nbsp;<\/p>\n","protected":false},"featured_media":9877,"comment_status":"open","ping_status":"closed","template":"","meta":[],"product_cat":[108,101],"product_tag":[109],"_links":{"self":[{"href":"https:\/\/www.owiowi.be\/index.php?rest_route=\/wp\/v2\/product\/8910"}],"collection":[{"href":"https:\/\/www.owiowi.be\/index.php?rest_route=\/wp\/v2\/product"}],"about":[{"href":"https:\/\/www.owiowi.be\/index.php?rest_route=\/wp\/v2\/types\/product"}],"replies":[{"embeddable":true,"href":"https:\/\/www.owiowi.be\/index.php?rest_route=%2Fwp%2Fv2%2Fcomments&post=8910"}],"wp:featuredmedia":[{"embeddable":true,"href":"https:\/\/www.owiowi.be\/index.php?rest_route=\/wp\/v2\/media\/9877"}],"wp:attachment":[{"href":"https:\/\/www.owiowi.be\/index.php?rest_route=%2Fwp%2Fv2%2Fmedia&parent=8910"}],"wp:term":[{"taxonomy":"product_cat","embeddable":true,"href":"https:\/\/www.owiowi.be\/index.php?rest_route=%2Fwp%2Fv2%2Fproduct_cat&post=8910"},{"taxonomy":"product_tag","embeddable":true,"href":"https:\/\/www.owiowi.be\/index.php?rest_route=%2Fwp%2Fv2%2Fproduct_tag&post=8910"}],"curies":[{"name":"wp","href":"https:\/\/api.w.org\/{rel}","templated":true}]}}