{"id":8994,"date":"2023-12-26T09:08:08","date_gmt":"2023-12-26T08:08:08","guid":{"rendered":"https:\/\/www.owiowi.be\/?post_type=product&#038;p=8994"},"modified":"2023-12-26T10:39:10","modified_gmt":"2023-12-26T09:39:10","slug":"collier-avec-pendentif-15mm-mowgli","status":"publish","type":"product","link":"https:\/\/www.owiowi.be\/?product=collier-avec-pendentif-15mm-mowgli","title":{"rendered":"Collier avec pendentif 15mm &#8211; MOWGLI"},"content":{"rendered":"<p><strong>Caract\u00e9ristiques :<\/strong><\/p>\n<ul>\n<li>Collection MOWGLI<\/li>\n<li>Support en m\u00e9tal &#8211; r\u00e9glable avec plateau rond<\/li>\n<li>Motif verni en p\u00e2te polym\u00e8re<\/li>\n<li>Couleur motif : jaune orange rouge<\/li>\n<li>Taille : 15 mm<\/li>\n<li>Bijou artisanal fait main<\/li>\n<li>Livr\u00e9 dans un emballage de protection<\/li>\n<\/ul>\n<p>Cette collection est disponible en \u00e9dition limit\u00e9e.<\/p>\n","protected":false},"excerpt":{"rendered":"<p>Caract\u00e9ristiques : Collection MOWGLI Support en m\u00e9tal &#8211; r\u00e9glable avec plateau rond Motif verni en p\u00e2te polym\u00e8re Couleur motif : jaune orange rouge Taille : 15 mm Bijou artisanal fait main Livr\u00e9 dans un emballage &#8230; <\/p>\n<p class=\"read-more-container\"><a title=\"Collier avec pendentif 15mm &#8211; MOWGLI\" class=\"read-more button\" href=\"https:\/\/www.owiowi.be\/?product=collier-avec-pendentif-15mm-mowgli#more-8994\" aria-label=\"Plus sur Collier avec pendentif 15mm &#8211; MOWGLI\">Lire plus<\/a><\/p>\n","protected":false},"featured_media":8995,"comment_status":"open","ping_status":"closed","template":"","meta":[],"product_cat":[101,52],"product_tag":[82],"_links":{"self":[{"href":"https:\/\/www.owiowi.be\/index.php?rest_route=\/wp\/v2\/product\/8994"}],"collection":[{"href":"https:\/\/www.owiowi.be\/index.php?rest_route=\/wp\/v2\/product"}],"about":[{"href":"https:\/\/www.owiowi.be\/index.php?rest_route=\/wp\/v2\/types\/product"}],"replies":[{"embeddable":true,"href":"https:\/\/www.owiowi.be\/index.php?rest_route=%2Fwp%2Fv2%2Fcomments&post=8994"}],"wp:featuredmedia":[{"embeddable":true,"href":"https:\/\/www.owiowi.be\/index.php?rest_route=\/wp\/v2\/media\/8995"}],"wp:attachment":[{"href":"https:\/\/www.owiowi.be\/index.php?rest_route=%2Fwp%2Fv2%2Fmedia&parent=8994"}],"wp:term":[{"taxonomy":"product_cat","embeddable":true,"href":"https:\/\/www.owiowi.be\/index.php?rest_route=%2Fwp%2Fv2%2Fproduct_cat&post=8994"},{"taxonomy":"product_tag","embeddable":true,"href":"https:\/\/www.owiowi.be\/index.php?rest_route=%2Fwp%2Fv2%2Fproduct_tag&post=8994"}],"curies":[{"name":"wp","href":"https:\/\/api.w.org\/{rel}","templated":true}]}}