{"id":9116,"date":"2023-12-26T09:58:47","date_gmt":"2023-12-26T08:58:47","guid":{"rendered":"https:\/\/www.owiowi.be\/?post_type=product&#038;p=9116"},"modified":"2024-08-18T16:02:08","modified_gmt":"2024-08-18T14:02:08","slug":"boucles-doreilles-carrees-15mm-laurence","status":"publish","type":"product","link":"https:\/\/www.owiowi.be\/?product=boucles-doreilles-carrees-15mm-laurence","title":{"rendered":"Boucles d&rsquo;oreilles carr\u00e9es 15mm &#8211; LAURENCE"},"content":{"rendered":"<p><strong>Caract\u00e9ristiques :<\/strong><\/p>\n<ul>\n<li>Collection LAURENCE<\/li>\n<li>Support en m\u00e9tal, vieux bronze<\/li>\n<li>Motif verni en p\u00e2te polym\u00e8re<\/li>\n<li>Couleur motif : dor\u00e9 &#8211; blanc &#8211; noir<\/li>\n<li>Taille : 15 mm de diam\u00e8tre<\/li>\n<li>Bijou artisanal fait main<\/li>\n<li>Livr\u00e9 dans un emballage de protection<\/li>\n<\/ul>\n<p>Cette collection est disponible en \u00e9dition limit\u00e9e.<\/p>\n","protected":false},"excerpt":{"rendered":"<p>Caract\u00e9ristiques : Collection LAURENCE Support en m\u00e9tal, vieux bronze Motif verni en p\u00e2te polym\u00e8re Couleur motif : dor\u00e9 &#8211; blanc &#8211; noir Taille : 15 mm de diam\u00e8tre Bijou artisanal fait main Livr\u00e9 dans un &#8230; <\/p>\n<p class=\"read-more-container\"><a title=\"Boucles d&rsquo;oreilles carr\u00e9es 15mm &#8211; LAURENCE\" class=\"read-more button\" href=\"https:\/\/www.owiowi.be\/?product=boucles-doreilles-carrees-15mm-laurence#more-9116\" aria-label=\"Plus sur Boucles d&rsquo;oreilles carr\u00e9es 15mm &#8211; LAURENCE\">Lire plus<\/a><\/p>\n","protected":false},"featured_media":9923,"comment_status":"open","ping_status":"closed","template":"","meta":[],"product_cat":[101,54],"product_tag":[110],"_links":{"self":[{"href":"https:\/\/www.owiowi.be\/index.php?rest_route=\/wp\/v2\/product\/9116"}],"collection":[{"href":"https:\/\/www.owiowi.be\/index.php?rest_route=\/wp\/v2\/product"}],"about":[{"href":"https:\/\/www.owiowi.be\/index.php?rest_route=\/wp\/v2\/types\/product"}],"replies":[{"embeddable":true,"href":"https:\/\/www.owiowi.be\/index.php?rest_route=%2Fwp%2Fv2%2Fcomments&post=9116"}],"wp:featuredmedia":[{"embeddable":true,"href":"https:\/\/www.owiowi.be\/index.php?rest_route=\/wp\/v2\/media\/9923"}],"wp:attachment":[{"href":"https:\/\/www.owiowi.be\/index.php?rest_route=%2Fwp%2Fv2%2Fmedia&parent=9116"}],"wp:term":[{"taxonomy":"product_cat","embeddable":true,"href":"https:\/\/www.owiowi.be\/index.php?rest_route=%2Fwp%2Fv2%2Fproduct_cat&post=9116"},{"taxonomy":"product_tag","embeddable":true,"href":"https:\/\/www.owiowi.be\/index.php?rest_route=%2Fwp%2Fv2%2Fproduct_tag&post=9116"}],"curies":[{"name":"wp","href":"https:\/\/api.w.org\/{rel}","templated":true}]}}