{"id":9172,"date":"2023-12-28T20:35:04","date_gmt":"2023-12-28T19:35:04","guid":{"rendered":"https:\/\/www.owiowi.be\/?post_type=product&#038;p=9172"},"modified":"2023-12-28T20:44:51","modified_gmt":"2023-12-28T19:44:51","slug":"bague-ronde-laurence-1-24-mm","status":"publish","type":"product","link":"https:\/\/www.owiowi.be\/?product=bague-ronde-laurence-1-24-mm","title":{"rendered":"Bague ronde LAURENCE (1) &#8211; 24 mm"},"content":{"rendered":"<p><strong>Caract\u00e9ristiques :<\/strong><\/p>\n<ul>\n<li>Collection LAURENCE (1) &#8211; petit motif<\/li>\n<li>Support en m\u00e9tal, zinc &#8211; r\u00e9glable avec plateau rond<\/li>\n<li>Motif verni mat en p\u00e2te polym\u00e8re<\/li>\n<li>Couleurs : dor\u00e9 &#8211; noir &#8211; blanc<\/li>\n<li>Taille : 24 mm de c\u00f4t\u00e9<\/li>\n<li>Bijou artisanal fait main<\/li>\n<li>Livr\u00e9 dans un emballage de protection<\/li>\n<\/ul>\n<p>Cette collection est disponible en \u00e9dition limit\u00e9e.<\/p>\n","protected":false},"excerpt":{"rendered":"<p>Caract\u00e9ristiques : Collection LAURENCE (1) &#8211; petit motif Support en m\u00e9tal, zinc &#8211; r\u00e9glable avec plateau rond Motif verni mat en p\u00e2te polym\u00e8re Couleurs : dor\u00e9 &#8211; noir &#8211; blanc Taille : 24 mm de &#8230; <\/p>\n<p class=\"read-more-container\"><a title=\"Bague ronde LAURENCE (1) &#8211; 24 mm\" class=\"read-more button\" href=\"https:\/\/www.owiowi.be\/?product=bague-ronde-laurence-1-24-mm#more-9172\" aria-label=\"Plus sur Bague ronde LAURENCE (1) &#8211; 24 mm\">Lire plus<\/a><\/p>\n","protected":false},"featured_media":9155,"comment_status":"open","ping_status":"closed","template":"","meta":[],"product_cat":[57],"product_tag":[110,115],"_links":{"self":[{"href":"https:\/\/www.owiowi.be\/index.php?rest_route=\/wp\/v2\/product\/9172"}],"collection":[{"href":"https:\/\/www.owiowi.be\/index.php?rest_route=\/wp\/v2\/product"}],"about":[{"href":"https:\/\/www.owiowi.be\/index.php?rest_route=\/wp\/v2\/types\/product"}],"replies":[{"embeddable":true,"href":"https:\/\/www.owiowi.be\/index.php?rest_route=%2Fwp%2Fv2%2Fcomments&post=9172"}],"wp:featuredmedia":[{"embeddable":true,"href":"https:\/\/www.owiowi.be\/index.php?rest_route=\/wp\/v2\/media\/9155"}],"wp:attachment":[{"href":"https:\/\/www.owiowi.be\/index.php?rest_route=%2Fwp%2Fv2%2Fmedia&parent=9172"}],"wp:term":[{"taxonomy":"product_cat","embeddable":true,"href":"https:\/\/www.owiowi.be\/index.php?rest_route=%2Fwp%2Fv2%2Fproduct_cat&post=9172"},{"taxonomy":"product_tag","embeddable":true,"href":"https:\/\/www.owiowi.be\/index.php?rest_route=%2Fwp%2Fv2%2Fproduct_tag&post=9172"}],"curies":[{"name":"wp","href":"https:\/\/api.w.org\/{rel}","templated":true}]}}