{"id":9264,"date":"2023-12-28T21:31:21","date_gmt":"2023-12-28T20:31:21","guid":{"rendered":"https:\/\/www.owiowi.be\/?post_type=product&#038;p=9264"},"modified":"2023-12-28T22:18:31","modified_gmt":"2023-12-28T21:18:31","slug":"bague-carree-15mm-laurence-1","status":"publish","type":"product","link":"https:\/\/www.owiowi.be\/?product=bague-carree-15mm-laurence-1","title":{"rendered":"Bague carr\u00e9e 15mm &#8211; LAURENCE (1)"},"content":{"rendered":"<p><strong>Caract\u00e9ristiques :<\/strong><\/p>\n<ul>\n<li>Pi\u00e8ce unique<\/li>\n<li>Collection Laurence (1)<\/li>\n<li>Support en m\u00e9tal, zinc &#8211; r\u00e9glable avec plateau carr\u00e9<\/li>\n<li>Motif verni en p\u00e2te polym\u00e8re<\/li>\n<li>Couleur motif : dor\u00e9 &#8211; noir &#8211; blanc<\/li>\n<li>Taille : 15 mm de c\u00f4t\u00e9<\/li>\n<li>Bijou artisanal fait main<\/li>\n<li>Livr\u00e9 dans un emballage de protection<\/li>\n<\/ul>\n<p>Cette collection est disponible en \u00e9dition limit\u00e9e.<\/p>\n","protected":false},"excerpt":{"rendered":"<p>Caract\u00e9ristiques : Pi\u00e8ce unique Collection Laurence (1) Support en m\u00e9tal, zinc &#8211; r\u00e9glable avec plateau carr\u00e9 Motif verni en p\u00e2te polym\u00e8re Couleur motif : dor\u00e9 &#8211; noir &#8211; blanc Taille : 15 mm de c\u00f4t\u00e9 &#8230; <\/p>\n<p class=\"read-more-container\"><a title=\"Bague carr\u00e9e 15mm &#8211; LAURENCE (1)\" class=\"read-more button\" href=\"https:\/\/www.owiowi.be\/?product=bague-carree-15mm-laurence-1#more-9264\" aria-label=\"Plus sur Bague carr\u00e9e 15mm &#8211; LAURENCE (1)\">Lire plus<\/a><\/p>\n","protected":false},"featured_media":9240,"comment_status":"open","ping_status":"closed","template":"","meta":[],"product_cat":[57],"product_tag":[115],"_links":{"self":[{"href":"https:\/\/www.owiowi.be\/index.php?rest_route=\/wp\/v2\/product\/9264"}],"collection":[{"href":"https:\/\/www.owiowi.be\/index.php?rest_route=\/wp\/v2\/product"}],"about":[{"href":"https:\/\/www.owiowi.be\/index.php?rest_route=\/wp\/v2\/types\/product"}],"replies":[{"embeddable":true,"href":"https:\/\/www.owiowi.be\/index.php?rest_route=%2Fwp%2Fv2%2Fcomments&post=9264"}],"wp:featuredmedia":[{"embeddable":true,"href":"https:\/\/www.owiowi.be\/index.php?rest_route=\/wp\/v2\/media\/9240"}],"wp:attachment":[{"href":"https:\/\/www.owiowi.be\/index.php?rest_route=%2Fwp%2Fv2%2Fmedia&parent=9264"}],"wp:term":[{"taxonomy":"product_cat","embeddable":true,"href":"https:\/\/www.owiowi.be\/index.php?rest_route=%2Fwp%2Fv2%2Fproduct_cat&post=9264"},{"taxonomy":"product_tag","embeddable":true,"href":"https:\/\/www.owiowi.be\/index.php?rest_route=%2Fwp%2Fv2%2Fproduct_tag&post=9264"}],"curies":[{"name":"wp","href":"https:\/\/api.w.org\/{rel}","templated":true}]}}