{"id":9304,"date":"2023-12-28T22:36:08","date_gmt":"2023-12-28T21:36:08","guid":{"rendered":"https:\/\/www.owiowi.be\/?post_type=product&#038;p=9304"},"modified":"2023-12-28T22:37:01","modified_gmt":"2023-12-28T21:37:01","slug":"boucles-doreilles-15mm-laurence-2","status":"publish","type":"product","link":"https:\/\/www.owiowi.be\/?product=boucles-doreilles-15mm-laurence-2","title":{"rendered":"Boucles d&rsquo;oreilles 15mm &#8211; LAURENCE (2)"},"content":{"rendered":"<p><strong>Caract\u00e9ristiques :<\/strong><\/p>\n<ul>\n<li>Collection LAURENCE (2) &#8211; motif moyen<\/li>\n<li>Support en m\u00e9tal, laiton<\/li>\n<li>Motif verni en p\u00e2te polym\u00e8re<\/li>\n<li>Couleur motif : dor\u00e9 &#8211; noir &#8211; blanc<\/li>\n<li>Taille : 15 mm de diam\u00e8tre<\/li>\n<li>Bijou artisanal fait main<\/li>\n<li>Livr\u00e9 dans un emballage de protection<\/li>\n<\/ul>\n<p>Cette collection est disponible en \u00e9dition limit\u00e9e.<\/p>\n","protected":false},"excerpt":{"rendered":"<p>Caract\u00e9ristiques : Collection LAURENCE (2) &#8211; motif moyen Support en m\u00e9tal, laiton Motif verni en p\u00e2te polym\u00e8re Couleur motif : dor\u00e9 &#8211; noir &#8211; blanc Taille : 15 mm de diam\u00e8tre Bijou artisanal fait main &#8230; <\/p>\n<p class=\"read-more-container\"><a title=\"Boucles d&rsquo;oreilles 15mm &#8211; LAURENCE (2)\" class=\"read-more button\" href=\"https:\/\/www.owiowi.be\/?product=boucles-doreilles-15mm-laurence-2#more-9304\" aria-label=\"Plus sur Boucles d&rsquo;oreilles 15mm &#8211; LAURENCE (2)\">Lire plus<\/a><\/p>\n","protected":false},"featured_media":9285,"comment_status":"open","ping_status":"closed","template":"","meta":[],"product_cat":[54],"product_tag":[110,114],"_links":{"self":[{"href":"https:\/\/www.owiowi.be\/index.php?rest_route=\/wp\/v2\/product\/9304"}],"collection":[{"href":"https:\/\/www.owiowi.be\/index.php?rest_route=\/wp\/v2\/product"}],"about":[{"href":"https:\/\/www.owiowi.be\/index.php?rest_route=\/wp\/v2\/types\/product"}],"replies":[{"embeddable":true,"href":"https:\/\/www.owiowi.be\/index.php?rest_route=%2Fwp%2Fv2%2Fcomments&post=9304"}],"wp:featuredmedia":[{"embeddable":true,"href":"https:\/\/www.owiowi.be\/index.php?rest_route=\/wp\/v2\/media\/9285"}],"wp:attachment":[{"href":"https:\/\/www.owiowi.be\/index.php?rest_route=%2Fwp%2Fv2%2Fmedia&parent=9304"}],"wp:term":[{"taxonomy":"product_cat","embeddable":true,"href":"https:\/\/www.owiowi.be\/index.php?rest_route=%2Fwp%2Fv2%2Fproduct_cat&post=9304"},{"taxonomy":"product_tag","embeddable":true,"href":"https:\/\/www.owiowi.be\/index.php?rest_route=%2Fwp%2Fv2%2Fproduct_tag&post=9304"}],"curies":[{"name":"wp","href":"https:\/\/api.w.org\/{rel}","templated":true}]}}